{"id":8513,"date":"2025-08-04T10:27:09","date_gmt":"2025-08-04T10:27:09","guid":{"rendered":"https:\/\/rapidnet.be\/?page_id=8513"},"modified":"2025-08-04T10:29:37","modified_gmt":"2025-08-04T10:29:37","slug":"disclaimer","status":"publish","type":"page","link":"https:\/\/rapidnet.be\/nl\/disclaimer\/","title":{"rendered":"Disclaimer"},"content":{"rendered":"<div data-elementor-type=\"wp-page\" data-elementor-id=\"8513\" class=\"elementor elementor-8513\" data-elementor-post-type=\"page\">\n\t\t\t\t<div class=\"elementor-element elementor-element-5718cb04 e-flex e-con-boxed sc_layouts_column_icons_position_left e-con e-parent\" data-id=\"5718cb04\" data-element_type=\"container\" data-e-type=\"container\">\n\t\t\t\t\t<div class=\"e-con-inner\">\n\t\t\t\t<div class=\"elementor-element elementor-element-53b852f2 sc_fly_static elementor-widget elementor-widget-text-editor\" data-id=\"53b852f2\" data-element_type=\"widget\" data-e-type=\"widget\" data-widget_type=\"text-editor.default\">\n\t\t\t\t<div class=\"elementor-widget-container\">\n\t\t\t\t\t\t\t\t\t<h1 data-start=\"165\" data-end=\"201\">Disclaimer<\/h1><p data-start=\"202\" data-end=\"244\"><strong data-start=\"202\" data-end=\"244\">Laatst bijgewerkt op: 28 juli 2025<\/strong><\/p><p data-start=\"246\" data-end=\"323\">Deze website <strong data-start=\"271\" data-end=\"290\"><a class=\"\" href=\"https:\/\/rapidnet.be\/nl\/\" target=\"_new\" rel=\"noopener\" data-start=\"273\" data-end=\"288\">www.rapidnet.be<\/a><\/strong> is eigendom van het bedrijf:<\/p><p data-start=\"325\" data-end=\"448\"><strong data-start=\"325\" data-end=\"342\">RAPID NET SRL<\/strong><br data-start=\"342\" data-end=\"345\" \/>Rue Godfroid Kurth 19<br data-start=\"366\" data-end=\"369\" \/>1140 Evere - Brussel - Belgi\u00eb<br data-start=\"402\" data-end=\"405\" \/>BTW : BE 0766.606.044<br data-start=\"426\" data-end=\"429\" \/>Mail : <a class=\"cursor-pointer\" rel=\"noopener\" data-start=\"432\" data-end=\"448\">info@rapidnet.be<\/a><\/p><h2 data-start=\"455\" data-end=\"474\">1. Doel van de site<\/h2><p data-start=\"476\" data-end=\"639\">Het doel van de site is om algemene informatie te verstrekken over de diensten die worden aangeboden door <strong data-start=\"568\" data-end=\"585\">RAPID NET SRL<\/strong>, vooral met betrekking tot <strong data-start=\"611\" data-end=\"638\">professionele reiniging<\/strong>.<\/p><p data-start=\"641\" data-end=\"795\">De gepubliceerde informatie wordt uitsluitend ter informatie gegeven, is niet uitputtend en kan te allen tijde zonder kennisgeving worden gewijzigd of bijgewerkt.<\/p><h2 data-start=\"802\" data-end=\"822\">2. Aansprakelijkheid<\/h2><p data-start=\"824\" data-end=\"947\">RAPID NET stelt alles in het werk om ervoor te zorgen dat de informatie op deze site accuraat en up-to-date is. RAPID NET kan echter niet verantwoordelijk worden gehouden voor eventuele fouten of weglatingen:<\/p><ul data-start=\"949\" data-end=\"1354\"><li data-start=\"949\" data-end=\"1089\"><p data-start=\"951\" data-end=\"1089\">Het bedrijf kan niet aansprakelijk worden gesteld voor fouten, weglatingen of resultaten die verkregen zijn door onjuist gebruik van de verstrekte informatie.<\/p><\/li><li data-start=\"1090\" data-end=\"1185\"><p data-start=\"1092\" data-end=\"1185\">De gebruiker is als enige verantwoordelijk voor het gebruik van de informatie die op deze site beschikbaar is.<\/p><\/li><li data-start=\"1186\" data-end=\"1354\"><p data-start=\"1188\" data-end=\"1354\">RAPID NET wijst alle verantwoordelijkheid af in geval van directe of indirecte schade die voortvloeit uit de toegang tot of het gebruik van de site (inclusief onderbreking, virussen, enz.).<\/p><\/li><\/ul><h2 data-start=\"1361\" data-end=\"1384\">3. Hypertextkoppelingen<\/h2><p data-start=\"1386\" data-end=\"1648\">De site kan links bevatten naar externe websites. Deze links worden uitsluitend ter informatie aangeboden.<br data-start=\"1500\" data-end=\"1503\" \/><strong data-start=\"1503\" data-end=\"1648\">RAPID NET SRL kan in geen geval verantwoordelijk worden gesteld voor de inhoud, de nauwkeurigheid of de vertrouwelijkheidspraktijken van deze sites van derden.<\/strong><\/p><h2 data-start=\"1655\" data-end=\"1685\">4. Intellectuele eigendomsrechten<\/h2><p data-start=\"1687\" data-end=\"1894\">Alle inhoud op deze site (teksten, afbeeldingen, logo's, grafieken, video's, enz.) zijn auteursrechtelijk beschermd en blijven het exclusieve eigendom van RAPID NET SRL of hun respectieve auteurs.<\/p><p data-start=\"1896\" data-end=\"2045\">Elke ongeoorloofde reproductie, verspreiding, wijziging of gebruik, geheel of gedeeltelijk, is ten strengste verboden zonder voorafgaande schriftelijke toestemming.<\/p><h2 data-start=\"2052\" data-end=\"2071\">5. Toegankelijkheid<\/h2><p data-start=\"2073\" data-end=\"2337\">RAPID NET SRL streeft ernaar om de website te allen tijde toegankelijk te houden. Er kunnen zich echter tijdelijke onderbrekingen voordoen om technische redenen, onderhoud of updates.<br data-start=\"2264\" data-end=\"2267\" \/>In geval van onbeschikbaarheid kan geen vergoeding worden ge\u00ebist.<\/p><h2 data-start=\"2344\" data-end=\"2366\">6. Toepasselijk recht<\/h2><p data-start=\"2368\" data-end=\"2509\">Op deze site is het Belgisch recht van toepassing. In geval van een geschil zijn enkel de rechtbanken van het gerechtelijk arrondissement Brussel bevoegd.<\/p><h2 data-start=\"2516\" data-end=\"2529\">7. Neem contact op met<\/h2><p data-start=\"2531\" data-end=\"2658\">Als u opmerkingen of vragen hebt over deze site, kunt u contact met ons opnemen op het volgende adres: <strong data-start=\"2638\" data-end=\"2658\"><a class=\"cursor-pointer\" rel=\"noopener\" data-start=\"2640\" data-end=\"2656\">info@rapidnet.be<\/a><\/strong><\/p>\t\t\t\t\t\t\t\t<\/div>\n\t\t\t\t<\/div>\n\t\t\t\t\t<\/div>\n\t\t\t\t<\/div>\n\t\t\t\t<\/div>","protected":false},"excerpt":{"rendered":"<p>Disclaimer (Avertissement l\u00e9gal) Derni\u00e8re mise \u00e0 jour : 28 juillet 2025 Le pr\u00e9sent&hellip;<\/p>","protected":false},"author":1,"featured_media":0,"parent":0,"menu_order":0,"comment_status":"closed","ping_status":"closed","template":"","meta":{"footnotes":""},"class_list":["post-8513","page","type-page","status-publish","hentry"],"_links":{"self":[{"href":"https:\/\/rapidnet.be\/nl\/wp-json\/wp\/v2\/pages\/8513","targetHints":{"allow":["GET"]}}],"collection":[{"href":"https:\/\/rapidnet.be\/nl\/wp-json\/wp\/v2\/pages"}],"about":[{"href":"https:\/\/rapidnet.be\/nl\/wp-json\/wp\/v2\/types\/page"}],"author":[{"embeddable":true,"href":"https:\/\/rapidnet.be\/nl\/wp-json\/wp\/v2\/users\/1"}],"replies":[{"embeddable":true,"href":"https:\/\/rapidnet.be\/nl\/wp-json\/wp\/v2\/comments?post=8513"}],"version-history":[{"count":4,"href":"https:\/\/rapidnet.be\/nl\/wp-json\/wp\/v2\/pages\/8513\/revisions"}],"predecessor-version":[{"id":8517,"href":"https:\/\/rapidnet.be\/nl\/wp-json\/wp\/v2\/pages\/8513\/revisions\/8517"}],"wp:attachment":[{"href":"https:\/\/rapidnet.be\/nl\/wp-json\/wp\/v2\/media?parent=8513"}],"curies":[{"name":"wp","href":"https:\/\/api.w.org\/{rel}","templated":true}]}}