{"id":8507,"date":"2025-08-04T10:20:49","date_gmt":"2025-08-04T10:20:49","guid":{"rendered":"https:\/\/rapidnet.be\/?page_id=8507"},"modified":"2025-08-04T10:25:28","modified_gmt":"2025-08-04T10:25:28","slug":"koekjes","status":"publish","type":"page","link":"https:\/\/rapidnet.be\/nl\/cookies\/","title":{"rendered":"Cookies"},"content":{"rendered":"<div data-elementor-type=\"wp-page\" data-elementor-id=\"8507\" class=\"elementor elementor-8507\" data-elementor-post-type=\"page\">\n\t\t\t\t<div class=\"elementor-element elementor-element-5718cb04 e-flex e-con-boxed sc_layouts_column_icons_position_left e-con e-parent\" data-id=\"5718cb04\" data-element_type=\"container\" data-e-type=\"container\">\n\t\t\t\t\t<div class=\"e-con-inner\">\n\t\t\t\t<div class=\"elementor-element elementor-element-53b852f2 sc_fly_static elementor-widget elementor-widget-text-editor\" data-id=\"53b852f2\" data-element_type=\"widget\" data-e-type=\"widget\" data-widget_type=\"text-editor.default\">\n\t\t\t\t<div class=\"elementor-widget-container\">\n\t\t\t\t\t\t\t\t\t<h1 data-start=\"284\" data-end=\"308\">Cookies beleid<\/h1><p data-start=\"309\" data-end=\"351\"><strong data-start=\"309\" data-end=\"351\">Laatst bijgewerkt op: 28 juli 2025<\/strong><\/p><p data-start=\"353\" data-end=\"641\">Dit cookiebeleid informeert u over het gebruik van cookies op de website <strong data-start=\"443\" data-end=\"462\"><a class=\"\" href=\"https:\/\/rapidnet.be\/nl\/\" target=\"_new\" rel=\"noopener\" data-start=\"445\" data-end=\"460\">www.rapidnet.be<\/a><\/strong>, beheerd door <strong data-start=\"477\" data-end=\"494\">RAPID NET SRL<\/strong>, in overeenstemming met <strong data-start=\"514\" data-end=\"535\">Belgische wetgeving<\/strong>, op <strong data-start=\"540\" data-end=\"598\">Algemene verordening gegevensbescherming (GDPR)<\/strong> en <strong data-start=\"607\" data-end=\"640\">Europese ePrivacy-richtlijn<\/strong>.<\/p><h2 data-start=\"648\" data-end=\"678\">1. Wat is een cookie?<\/h2><p data-start=\"680\" data-end=\"991\">A <strong data-start=\"683\" data-end=\"693\">cookie<\/strong> is een klein tekstbestand dat op uw apparaat (computer, smartphone, tablet) wordt opgeslagen wanneer u een website bezoekt. Hiermee kan de site bepaalde informatie over u onthouden (bijv. voorkeuren, taal, sessiegegevens) om uw gebruikerservaring te verbeteren.<\/p><h2 data-start=\"998\" data-end=\"1039\">2. Wie plaatst de cookies op deze site?<\/h2><p data-start=\"1041\" data-end=\"1067\">Cookies kunnen :<\/p><ul data-start=\"1069\" data-end=\"1298\"><li data-start=\"1069\" data-end=\"1149\"><p data-start=\"1071\" data-end=\"1149\"><strong data-start=\"1071\" data-end=\"1083\">Intern<\/strong> rechtstreeks geplaatst door <strong data-start=\"1109\" data-end=\"1126\">RAPID NET SRL<\/strong> via de WordPress site.<\/p><\/li><li data-start=\"1150\" data-end=\"1298\"><p data-start=\"1152\" data-end=\"1298\"><strong data-start=\"1152\" data-end=\"1161\">Derde partij<\/strong> geplaatst door externe diensten (Google, YouTube, enz.) voor specifieke doeleinden (statistieken, beveiliging, multimedia-inhoud, enz.).<\/p><\/li><\/ul><h2 data-start=\"1305\" data-end=\"1350\">3. Welke soorten cookies gebruiken we?<\/h2><p data-start=\"1352\" data-end=\"1420\">Onze site gebruikt verschillende soorten cookies:<\/p><h3 data-start=\"1422\" data-end=\"1477\">a) Strikt noodzakelijke cookies (verplicht)<\/h3><p data-start=\"1478\" data-end=\"1685\">Deze cookies zijn essentieel voor het goed functioneren van de WordPress site (bijv. browsen, toegang tot formulieren, beveiliging).<br data-start=\"1598\" data-end=\"1601\" \/><strong data-start=\"1601\" data-end=\"1615\">Voorbeelden:<\/strong> WordPress sessiecookies, beveiligingscookies, taalcookies.<\/p><blockquote data-start=\"1687\" data-end=\"1741\"><p data-start=\"1689\" data-end=\"1741\">Voor deze cookies is uw toestemming niet nodig.<\/p><\/blockquote><h3 data-start=\"1748\" data-end=\"1811\">b) Prestatie- en analysecookies (Google Analytics)<\/h3><p data-start=\"1812\" data-end=\"1953\">Met deze cookies kunnen we het gebruik van de site analyseren (bezochte pagina's, duur, kliks, enz.) om de inhoud en navigatie te verbeteren.<\/p><p data-start=\"1955\" data-end=\"2168\"><strong data-start=\"1955\" data-end=\"1964\">Naam :<\/strong> _ga, _gid, _gat<br data-start=\"1983\" data-end=\"1986\" \/><strong data-start=\"1986\" data-end=\"2002\">Oorsprong :<\/strong> Google Analytics<br data-start=\"2019\" data-end=\"2022\" \/><strong data-start=\"2022\" data-end=\"2033\">Duur:<\/strong> van 24 uur tot 2 jaar<br data-start=\"2054\" data-end=\"2057\" \/><strong data-start=\"2057\" data-end=\"2081\">Verzamelde gegevens :<\/strong> IP-adres (geanonimiseerd), surfgedrag<br data-start=\"2133\" data-end=\"2136\" \/><strong data-start=\"2136\" data-end=\"2150\">Doel :<\/strong> publieksmeting<\/p><blockquote data-start=\"2170\" data-end=\"2254\"><p data-start=\"2172\" data-end=\"2254\">\u24e7 Deze cookies vereisen uw <strong data-start=\"2204\" data-end=\"2230\">uitdrukkelijke toestemming<\/strong> via de banner met cookies.<\/p><\/blockquote><h3 data-start=\"2261\" data-end=\"2308\">c) Beveiligingscookies (Google reCAPTCHA)<\/h3><p data-start=\"2309\" data-end=\"2386\">Gebruikt om onze formulieren te beschermen tegen geautomatiseerde robots en misbruik.<\/p><p data-start=\"2388\" data-end=\"2553\"><strong data-start=\"2388\" data-end=\"2404\">Oorsprong :<\/strong> Google reCAPTCHA<br data-start=\"2421\" data-end=\"2424\" \/><strong data-start=\"2424\" data-end=\"2448\">Verzamelde gegevens :<\/strong> IP-adres, cursorgedrag, browserconfiguratie<br data-start=\"2513\" data-end=\"2516\" \/><strong data-start=\"2516\" data-end=\"2530\">Doel :<\/strong> anti-spam controle<\/p><blockquote data-start=\"2555\" data-end=\"2662\"><p data-start=\"2557\" data-end=\"2662\">Deze cookies zijn ingeschakeld <strong data-start=\"2584\" data-end=\"2605\">na acceptatie<\/strong> het vertrouwelijkheidsbeleid en de cookiebanner.<\/p><\/blockquote><h3 data-start=\"2669\" data-end=\"2756\">d) Cookies van derden voor functionaliteit of inhoud (YouTube, sociale netwerken, enz.)<\/h3><p data-start=\"2757\" data-end=\"2903\">Als u ingesloten inhoud bekijkt (bijv. YouTube-video's) of pagina's deelt via sociale netwerken, kunnen cookies van derden worden opgeslagen.<\/p><blockquote data-start=\"2905\" data-end=\"2956\"><p data-start=\"2907\" data-end=\"2956\">\u24e7 Deze cookies vereisen uw <strong data-start=\"2939\" data-end=\"2955\">toestemming<\/strong>.<\/p><\/blockquote><h2 data-start=\"2963\" data-end=\"2992\">4. Toestemmingsbeheer<\/h2><p data-start=\"2994\" data-end=\"3152\">Wanneer u onze site voor de eerste keer bezoekt, wordt een <strong data-start=\"3043\" data-end=\"3062\">banner cookies<\/strong> wordt weergegeven om je <strong data-start=\"3095\" data-end=\"3121\">uitdrukkelijke toestemming<\/strong>. U kunt :<\/p><ul data-start=\"3154\" data-end=\"3263\"><li data-start=\"3154\" data-end=\"3183\"><p data-start=\"3156\" data-end=\"3183\">Alle cookies accepteren<\/p><\/li><li data-start=\"3184\" data-end=\"3227\"><p data-start=\"3186\" data-end=\"3227\">Alle niet-essenti\u00eble cookies weigeren<\/p><\/li><li data-start=\"3228\" data-end=\"3263\"><p data-start=\"3230\" data-end=\"3263\">Uw cookievoorkeuren instellen<\/p><\/li><\/ul><p data-start=\"3265\" data-end=\"3384\">U kunt <strong data-start=\"3277\" data-end=\"3305\">je voorkeuren wijzigen<\/strong> op elk gewenst moment via de knop \u00abMijn cookies beheren\u00bb (meestal onderaan de pagina).<\/p><h2 data-start=\"3391\" data-end=\"3430\">5. Bewaarperiode cookies<\/h2><p data-start=\"3432\" data-end=\"3488\">De bewaarperiode varieert afhankelijk van het type cookie:<\/p><ul data-start=\"3490\" data-end=\"3615\"><li data-start=\"3490\" data-end=\"3553\"><p data-start=\"3492\" data-end=\"3553\">Sessiecookies: worden verwijderd wanneer de browser wordt afgesloten<\/p><\/li><li data-start=\"3554\" data-end=\"3615\"><p data-start=\"3556\" data-end=\"3615\">Persistente cookies: van enkele uren tot maximaal twee jaar<\/p><\/li><\/ul><h2 data-start=\"3622\" data-end=\"3638\">6. Uw rechten<\/h2><p data-start=\"3640\" data-end=\"3743\">In overeenstemming met de RGPD heeft u de volgende rechten met betrekking tot uw gegevens die via cookies worden verzameld:<\/p><ul data-start=\"3745\" data-end=\"3848\"><li data-start=\"3745\" data-end=\"3762\"><p data-start=\"3747\" data-end=\"3762\">Recht op toegang<\/p><\/li><li data-start=\"3763\" data-end=\"3785\"><p data-start=\"3765\" data-end=\"3785\">Recht op bezwaar<\/p><\/li><li data-start=\"3786\" data-end=\"3810\"><p data-start=\"3788\" data-end=\"3810\">Recht op wissen<\/p><\/li><li data-start=\"3811\" data-end=\"3848\"><p data-start=\"3813\" data-end=\"3848\">Recht op beperking van de verwerking<\/p><\/li><\/ul><p data-start=\"3850\" data-end=\"3909\">Neem voor alle vragen contact met ons op via : <strong data-start=\"3889\" data-end=\"3909\"><a class=\"cursor-pointer\" rel=\"noopener\" data-start=\"3891\" data-end=\"3907\">info@rapidnet.be<\/a><\/strong><\/p><h2 data-start=\"3916\" data-end=\"3962\">7. Hoe kan ik cookies beheren of verwijderen?<\/h2><p data-start=\"3964\" data-end=\"4053\">U kunt cookies ook beheren of verwijderen via de instellingen van uw browser:<\/p><ul data-start=\"4055\" data-end=\"4373\"><li data-start=\"4055\" data-end=\"4150\"><p data-start=\"4057\" data-end=\"4150\"><strong data-start=\"4057\" data-end=\"4067\">Chroom<\/strong> : <code data-start=\"4070\" data-end=\"4148\">Instellingen &gt; Privacy en beveiliging &gt; Cookies en andere sitegegevens<\/code><\/p><\/li><li data-start=\"4151\" data-end=\"4231\"><p data-start=\"4153\" data-end=\"4231\"><strong data-start=\"4153\" data-end=\"4164\">Firefox<\/strong> : <code data-start=\"4167\" data-end=\"4229\">Opties &gt; Privacy en beveiliging &gt; Cookies en sitegegevens<\/code><\/p><\/li><li data-start=\"4232\" data-end=\"4312\"><p data-start=\"4234\" data-end=\"4312\"><strong data-start=\"4234\" data-end=\"4244\">Safari<\/strong> : <code data-start=\"4247\" data-end=\"4310\">Voorkeuren &gt; Privacy &gt; Beheer websitegegevens<\/code><\/p><\/li><li data-start=\"4313\" data-end=\"4373\"><p data-start=\"4315\" data-end=\"4373\"><strong data-start=\"4315\" data-end=\"4323\">Rand<\/strong> : <code data-start=\"4326\" data-end=\"4373\">Instellingen &gt; Cookies en siteautorisaties<\/code><\/p><\/li><\/ul><p data-start=\"4375\" data-end=\"4458\">Opmerking: het uitschakelen van cookies kan sommige functies van de site veranderen.<\/p><h2 data-start=\"4465\" data-end=\"4484\">8. Wijzigingen<\/h2><p data-start=\"4486\" data-end=\"4647\">RAPID NET SRL behoudt zich het recht voor om dit beleid te allen tijde te wijzigen. Elke aanpassing zal op deze pagina worden gepubliceerd met de datum van de laatste wijziging.<\/p><h2 data-start=\"4654\" data-end=\"4667\">9. Neem contact op met<\/h2><p data-start=\"4669\" data-end=\"4825\">Als u vragen heeft over dit cookiebeleid :<br data-start=\"4728\" data-end=\"4731\" \/><strong data-start=\"4734\" data-end=\"4754\"><a class=\"cursor-pointer\" rel=\"noopener\" data-start=\"4736\" data-end=\"4752\">info@rapidnet.be<\/a><\/strong><br data-start=\"4754\" data-end=\"4757\" \/><strong data-start=\"4760\" data-end=\"4825\">RAPID NET SRL - Rue Godfroid Kurth 19, 1140 Evere - Brussel<\/strong><\/p>\t\t\t\t\t\t\t\t<\/div>\n\t\t\t\t<\/div>\n\t\t\t\t\t<\/div>\n\t\t\t\t<\/div>\n\t\t\t\t<\/div>","protected":false},"excerpt":{"rendered":"<p>Politique de Cookies Derni\u00e8re mise \u00e0 jour : 28 juillet 2025 La pr\u00e9sente&hellip;<\/p>","protected":false},"author":1,"featured_media":0,"parent":0,"menu_order":0,"comment_status":"closed","ping_status":"closed","template":"","meta":{"footnotes":""},"class_list":["post-8507","page","type-page","status-publish","hentry"],"_links":{"self":[{"href":"https:\/\/rapidnet.be\/nl\/wp-json\/wp\/v2\/pages\/8507","targetHints":{"allow":["GET"]}}],"collection":[{"href":"https:\/\/rapidnet.be\/nl\/wp-json\/wp\/v2\/pages"}],"about":[{"href":"https:\/\/rapidnet.be\/nl\/wp-json\/wp\/v2\/types\/page"}],"author":[{"embeddable":true,"href":"https:\/\/rapidnet.be\/nl\/wp-json\/wp\/v2\/users\/1"}],"replies":[{"embeddable":true,"href":"https:\/\/rapidnet.be\/nl\/wp-json\/wp\/v2\/comments?post=8507"}],"version-history":[{"count":4,"href":"https:\/\/rapidnet.be\/nl\/wp-json\/wp\/v2\/pages\/8507\/revisions"}],"predecessor-version":[{"id":8512,"href":"https:\/\/rapidnet.be\/nl\/wp-json\/wp\/v2\/pages\/8507\/revisions\/8512"}],"wp:attachment":[{"href":"https:\/\/rapidnet.be\/nl\/wp-json\/wp\/v2\/media?parent=8507"}],"curies":[{"name":"wp","href":"https:\/\/api.w.org\/{rel}","templated":true}]}}