{"id":8442,"date":"2025-07-28T11:46:10","date_gmt":"2025-07-28T11:46:10","guid":{"rendered":"https:\/\/rapidnet.be\/?page_id=8442"},"modified":"2026-02-01T10:43:00","modified_gmt":"2026-02-01T10:43:00","slug":"offerte","status":"publish","type":"page","link":"https:\/\/rapidnet.be\/nl\/devis\/","title":{"rendered":"Offerte"},"content":{"rendered":"\t\t<div data-elementor-type=\"wp-page\" data-elementor-id=\"8442\" class=\"elementor elementor-8442\" data-elementor-post-type=\"page\">\n\t\t\t\t<div class=\"elementor-element elementor-element-15fafc1 e-flex e-con-boxed sc_layouts_column_icons_position_left e-con e-parent\" data-id=\"15fafc1\" data-element_type=\"container\" data-e-type=\"container\">\n\t\t\t\t\t<div class=\"e-con-inner\">\n\t\t\t\t<div class=\"elementor-element elementor-element-d113533 sc_fly_static elementor-widget elementor-widget-heading\" data-id=\"d113533\" data-element_type=\"widget\" data-e-type=\"widget\" data-widget_type=\"heading.default\">\n\t\t\t\t<div class=\"elementor-widget-container\">\n\t\t\t\t\t<h1 class=\"elementor-heading-title elementor-size-default\">DEVIS<\/h1>\t\t\t\t<\/div>\n\t\t\t\t<\/div>\n\t\t\t\t\t<\/div>\n\t\t\t\t<\/div>\n\t\t<div class=\"elementor-element elementor-element-5718cb04 e-flex e-con-boxed sc_layouts_column_icons_position_left e-con e-parent\" data-id=\"5718cb04\" data-element_type=\"container\" data-e-type=\"container\">\n\t\t\t\t\t<div class=\"e-con-inner\">\n\t\t\t\t<div class=\"elementor-element elementor-element-953155c sc_fly_static elementor-widget elementor-widget-spacer\" data-id=\"953155c\" data-element_type=\"widget\" data-e-type=\"widget\" data-widget_type=\"spacer.default\">\n\t\t\t\t<div class=\"elementor-widget-container\">\n\t\t\t\t\t\t\t<div class=\"elementor-spacer\">\n\t\t\t<div class=\"elementor-spacer-inner\"><\/div>\n\t\t<\/div>\n\t\t\t\t\t\t<\/div>\n\t\t\t\t<\/div>\n\t\t\t\t<div class=\"elementor-element elementor-element-e5cc17f fluent-form-widget-step-header-yes fluent-form-widget-step-progressbar-yes fluentform-widget-submit-button-custom sc_fly_static elementor-widget elementor-widget-fluent-form-widget\" data-id=\"e5cc17f\" data-element_type=\"widget\" data-e-type=\"widget\" data-widget_type=\"fluent-form-widget.default\">\n\t\t\t\t<div class=\"elementor-widget-container\">\n\t\t\t\t\t\n            <div class=\"fluentform-widget-wrapper fluentform-widget-align-default\">\n\n            \n            <div class='fluentform ff-inherit-theme-style fluentform_wrapper_3'><form data-form_id=\"3\" id=\"fluentform_3\" class=\"frm-fluent-form fluent_form_3 ff-el-form-top ff_form_instance_3_1 ff-form-loading ffs_inherit_theme\" data-form_instance=\"ff_form_instance_3_1\" method=\"POST\" ><fieldset  style=\"border: none!important;margin: 0!important;padding: 0!important;background-color: transparent!important;box-shadow: none!important;outline: none!important; min-inline-size: 100%;\">\n                    <legend class=\"ff_screen_reader_title\" style=\"display: block; margin: 0!important;padding: 0!important;height: 0!important;text-indent: -999999px;width: 0!important;overflow:hidden;\">DEVIS<\/legend>        <div\n                style=\"display: none!important; position: absolute!important; transform: translateX(1000%)!important;\"\n                class=\"ff-el-group ff-hpsf-container\"\n        >\n            <div class=\"ff-el-input--label asterisk-right\">\n                <label for=\"ff_3_item_sf\" aria-label=\"Subscribe\">\n                    Subscribe                <\/label>\n            <\/div>\n            <div class=\"ff-el-input--content\">\n                <input type=\"text\"\n                       name=\"item_3__fluent_sf\"\n                       class=\"ff-el-form-control\"\n                       id=\"ff_3_item_sf\"\n                \/>\n            <\/div>\n        <\/div>\n                <input type=\"hidden\" id=\"__fluent_protection_token_3\" class=\"fluent-form-token-field\" name=\"__fluent_protection_token_3\">\n        <input type='hidden' name='__fluent_form_embded_post_id' value='8442' \/><input type=\"hidden\" id=\"_fluentform_3_fluentformnonce\" name=\"_fluentform_3_fluentformnonce\" value=\"4a89f95907\" \/><input type=\"hidden\" name=\"_wp_http_referer\" value=\"\/nl\/wp-json\/wp\/v2\/pages\/8442\" \/><div class='ff-el-group'><div class=\"ff-el-input--label ff-el-is-required asterisk-right\"><label for='ff_3_input_text' id='label_ff_3_input_text' aria-label=\"Nom de l&#039;entreprise\">Nom de l'entreprise<\/label><\/div><div class='ff-el-input--content'><input type=\"text\" name=\"input_text\" class=\"ff-el-form-control\" data-name=\"input_text\" id=\"ff_3_input_text\"  aria-invalid=\"false\" aria-required=true><\/div><\/div><div data-type=\"name-element\" data-name=\"names\" class=\" ff-field_container ff-name-field-wrapper\" ><div class='ff-t-container'><div class='ff-t-cell '><div class='ff-el-group ff-el-form-top'><div class=\"ff-el-input--label ff-el-is-required asterisk-right\"><label for='ff_3_names_first_name_' id='label_ff_3_names_first_name_' >Nom<\/label><\/div><div class='ff-el-input--content'><input type=\"text\" name=\"names[first_name]\" id=\"ff_3_names_first_name_\" class=\"ff-el-form-control\" aria-invalid=\"false\" aria-required=true><\/div><\/div><\/div><div class='ff-t-cell '><div class='ff-el-group ff-el-form-top'><div class=\"ff-el-input--label ff-el-is-required asterisk-right\"><label for='ff_3_names_last_name_' id='label_ff_3_names_last_name_' >Pr\u00e9nom<\/label><\/div><div class='ff-el-input--content'><input type=\"text\" name=\"names[last_name]\" id=\"ff_3_names_last_name_\" class=\"ff-el-form-control\" aria-invalid=\"false\" aria-required=true><\/div><\/div><\/div><\/div><\/div><div class='ff-el-group'><div class=\"ff-el-input--label ff-el-is-required asterisk-right\"><label for='ff_3_phone' id='label_ff_3_phone' aria-label=\"Num\u00e9ro de t\u00e9l\u00e9phone\">Num\u00e9ro de t\u00e9l\u00e9phone<\/label><\/div><div class='ff-el-input--content'><input name=\"phone\" class=\"ff-el-form-control ff-el-phone ff_el_with_extended_validation\" type=\"tel\" data-name=\"phone\" id=\"ff_3_phone\" inputmode=\"tel\"  aria-invalid='false' aria-required=true><\/div><\/div><div class='ff-el-group'><div class=\"ff-el-input--label ff-el-is-required asterisk-right\"><label for='ff_3_email' id='label_ff_3_email' aria-label=\"Email\">Email<\/label><\/div><div class='ff-el-input--content'><input type=\"email\" name=\"email\" id=\"ff_3_email\" class=\"ff-el-form-control\" data-name=\"email\"  aria-invalid=\"false\" aria-required=true><\/div><\/div><div class=\"ff-name-address-wrapper fluent-address ff_html5_geolocate\" data-type=\"address-element\" data-name=\"address_1\" data-ff_html5_locate=\"on_click\" ><div class='ff-el-input--content'><div class='ff-t-container'><div class='ff-t-cell'><div class='ff-el-group'><div class=\"ff-el-input--label asterisk-right\"><label for='ff_3_address_1_address_line_1_' id='label_ff_3_address_1_address_line_1_' aria-label=\"Adresse\">Adresse<\/label><\/div><div class='ff-el-input--content'><div class=\"ff_input-group\"><input type=\"text\" name=\"address_1[address_line_1]\" id=\"ff_3_address_1_address_line_1_\" class=\"ff-el-form-control\" data-key_name=\"address_line_1\"  aria-invalid=\"false\" aria-required=false><div class=\"ff_input-group-append\"><span class=\"ff_input-group-text\"><span class=\"ff-locate-icon \" style=\"cursor:pointer\"><svg xmlns=\"http:\/\/www.w3.org\/2000\/svg\" width=\"20\" viewBox=\"0 0 30 30\"><path d=\"M 14.984375 0.98632812 A 1.0001 1.0001 0 0 0 14 2 L 14 3.0507812 C 8.1822448 3.5345683 3.5345683 8.1822448 3.0507812 14 L 2 14 A 1.0001 1.0001 0 1 0 2 16 L 3.0507812 16 C 3.5345683 21.817755 8.1822448 26.465432 14 26.949219 L 14 28 A 1.0001 1.0001 0 1 0 16 28 L 16 26.949219 C 21.817755 26.465432 26.465432 21.817755 26.949219 16 L 28 16 A 1.0001 1.0001 0 1 0 28 14 L 26.949219 14 C 26.465432 8.1822448 21.817755 3.5345683 16 3.0507812 L 16 2 A 1.0001 1.0001 0 0 0 14.984375 0.98632812 z M 14 5.0488281 L 14 6 A 1.0001 1.0001 0 1 0 16 6 L 16 5.0488281 C 20.732953 5.5164646 24.483535 9.2670468 24.951172 14 L 24 14 A 1.0001 1.0001 0 1 0 24 16 L 24.951172 16 C 24.483535 20.732953 20.732953 24.483535 16 24.951172 L 16 24 A 1.0001 1.0001 0 0 0 14.984375 22.986328 A 1.0001 1.0001 0 0 0 14 24 L 14 24.951172 C 9.2670468 24.483535 5.5164646 20.732953 5.0488281 16 L 6 16 A 1.0001 1.0001 0 1 0 6 14 L 5.0488281 14 C 5.5164646 9.2670468 9.2670468 5.5164646 14 5.0488281 z\"><\/path><\/svg><\/span><\/span><\/div><\/div><\/div><\/div><\/div><div class='ff-t-cell'><div class='ff-el-group'><div class=\"ff-el-input--label asterisk-right\"><label for='ff_3_address_1_zip_' id='label_ff_3_address_1_zip_' aria-label=\"Code postal\">Code postal<\/label><\/div><div class='ff-el-input--content'><input type=\"text\" name=\"address_1[zip]\" id=\"ff_3_address_1_zip_\" class=\"ff-el-form-control\" data-key_name=\"zip\"  aria-invalid=\"false\" aria-required=false><\/div><\/div><\/div><\/div><div class='ff-t-container'><div class='ff-t-cell'><div class='ff-el-group'><div class=\"ff-el-input--label asterisk-right\"><label for='ff_3_address_1_city_' id='label_ff_3_address_1_city_' aria-label=\"Ville\">Ville<\/label><\/div><div class='ff-el-input--content'><input type=\"text\" name=\"address_1[city]\" id=\"ff_3_address_1_city_\" class=\"ff-el-form-control\" data-key_name=\"city\"  aria-invalid=\"false\" aria-required=false><\/div><\/div><\/div><\/div><\/div><\/div><div class='ff-el-group'><div class=\"ff-el-input--label asterisk-right\"><label for='ff_3_numeric_field' id='label_ff_3_numeric_field' aria-label=\"Surface \u00e0 nettoyer en m\u00b2\">Surface \u00e0 nettoyer en m\u00b2<\/label><\/div><div class='ff-el-input--content'><input type=\"number\" name=\"numeric_field\" id=\"ff_3_numeric_field\" class=\"ff-el-form-control\" data-name=\"numeric_field\" inputmode=\"numeric\" step=\"any\"  aria-invalid=\"false\" aria-required=false><\/div><\/div><div class='ff-el-group'><div class=\"ff-el-input--label asterisk-right\"><label   aria-label=\"Fr\u00e9quence\">Fr\u00e9quence<\/label><\/div><div class='ff-el-input--content'><div class='ff-el-form-check ff-el-form-check-'><label class='ff-el-form-check-label' for='input_radio_9b2294391d7359c4be735dfde34f575f'><input  type=\"radio\" name=\"input_radio\" data-name=\"input_radio\" class=\"ff-el-form-check-input ff-el-form-check-radio\" value=\"1 x semaine\"  id='input_radio_9b2294391d7359c4be735dfde34f575f' aria-label='1 x semaine' aria-invalid='false' aria-required=false> <span>1 x semaine<\/span><\/label><\/div><div class='ff-el-form-check ff-el-form-check-'><label class='ff-el-form-check-label' for='input_radio_696ea745738dad08b58476bec883d427'><input  type=\"radio\" name=\"input_radio\" data-name=\"input_radio\" class=\"ff-el-form-check-input ff-el-form-check-radio\" value=\"2 x semaine\"  id='input_radio_696ea745738dad08b58476bec883d427' aria-label='2 x semaine' aria-invalid='false' aria-required=false> <span>2 x semaine<\/span><\/label><\/div><div class='ff-el-form-check ff-el-form-check-'><label class='ff-el-form-check-label' for='input_radio_843dc76ca4aecbab113fd602a54378fd'><input  type=\"radio\" name=\"input_radio\" data-name=\"input_radio\" class=\"ff-el-form-check-input ff-el-form-check-radio\" value=\"1 x mois\"  id='input_radio_843dc76ca4aecbab113fd602a54378fd' aria-label='1 x mois' aria-invalid='false' aria-required=false> <span>1 x mois<\/span><\/label><\/div><div class='ff-el-form-check ff-el-form-check-'><label class='ff-el-form-check-label' for='input_radio_09235ec1b21a67a1d13c1a3978d93cf5'><input  type=\"radio\" name=\"input_radio\" data-name=\"input_radio\" class=\"ff-el-form-check-input ff-el-form-check-radio\" value=\"2 x mois\"  id='input_radio_09235ec1b21a67a1d13c1a3978d93cf5' aria-label='2 x mois' aria-invalid='false' aria-required=false> <span>2 x mois<\/span><\/label><\/div><div class='ff-el-form-check ff-el-form-check-'><label class='ff-el-form-check-label ff-other-option' for='input_radio_4c84dd78305d3da432e9d9b5dd5e9dc8'><input  type=\"radio\" name=\"input_radio\" data-name=\"input_radio\" class=\"ff-el-form-check-input ff-el-form-check-radio\" value=\"__ff_other_input_radio__\"  id='input_radio_4c84dd78305d3da432e9d9b5dd5e9dc8' aria-label='Autre' aria-invalid='false' aria-required=false> <span>Autre<\/span><\/label><\/div><div class='ff-other-input-wrapper' style='display: none; margin-top: 8px;' data-field='input_radio'><input type='text' name='input_radio__ff_other_input__' class='ff-el-form-control' placeholder='Pr\u00e9cisez' value=''><\/div><\/div><\/div><div class='ff-el-group'><div class=\"ff-el-input--label asterisk-right\"><label for='ff_3_input_text_1' id='label_ff_3_input_text_1' aria-label=\"Commentaires\">Commentaires<\/label><\/div><div class='ff-el-input--content'><input type=\"text\" name=\"input_text_1\" class=\"ff-el-form-control\" data-name=\"input_text_1\" id=\"ff_3_input_text_1\"  aria-invalid=\"false\" aria-required=false><\/div><\/div><div class='ff-el-group    ff-el-input--content'><div class='ff-el-form-check ff-el-tc'><label aria-label='Voorwaarden: J\u2019accepte que mes donn\u00e9es soient utilis\u00e9es pour me recontacter dans le cadre de ma demande, conform\u00e9ment \u00e0 la\u00a0politique de confidentialit\u00e9. bevat 1 link. Gebruik tab navigatie voor beoordeling.' class='ff-el-form-check-label ff_tc_label' for=terms-n-condition_c429bae2e3b94ebee3f2a7b3025548af><span class='ff_tc_checkbox'><input type=\"checkbox\" name=\"terms-n-condition\" class=\"ff-el-form-check-input\" data-name=\"terms-n-condition\" id=\"terms-n-condition_c429bae2e3b94ebee3f2a7b3025548af\"  value='on' aria-invalid='false' aria-required=true><\/span> <div class='ff_t_c'><p>J\u2019accepte que mes donn\u00e9es soient utilis\u00e9es pour me recontacter dans le cadre de ma demande, conform\u00e9ment \u00e0 la\u00a0<a href=\"https:\/\/rapidnet.be\/politique-de-confidentialite\" target=\"_blank\" rel=\"noopener noreferrer\">politique de confidentialit\u00e9<\/a>.<\/p><\/div><\/label><\/div><\/div><div class='ff-el-group ff-text-left ff_submit_btn_wrapper'><button type=\"submit\" class=\"ff-btn ff-btn-submit ff-btn-md ff_btn_no_style wpf_has_custom_css\"  aria-label=\"Envoyer\">Envoyer<\/button><\/div><\/fieldset><\/form><div id='fluentform_3_errors' class='ff-errors-in-stack ff_form_instance_3_1 ff-form-loading_errors ff_form_instance_3_1_errors'><\/div><\/div>            <script type=\"text\/javascript\">\n                window.fluent_form_ff_form_instance_3_1 = {\"id\":\"3\",\"ajaxUrl\":\"https:\\\/\\\/rapidnet.be\\\/wp-admin\\\/admin-ajax.php\",\"settings\":{\"layout\":{\"labelPlacement\":\"top\",\"asteriskPlacement\":\"asterisk-right\",\"helpMessagePlacement\":\"with_label\",\"errorMessagePlacement\":\"inline\",\"cssClassName\":\"\"},\"restrictions\":{\"denyEmptySubmission\":{\"enabled\":false}}},\"form_instance\":\"ff_form_instance_3_1\",\"form_id_selector\":\"fluentform_3\",\"rules\":{\"input_text\":{\"required\":{\"value\":true,\"message\":\"Ce champ est obligatoire.\",\"global_message\":\"This field is required\",\"global\":true}},\"names[first_name]\":{\"required\":{\"value\":true,\"message\":\"Ce champ est obligatoire.\",\"global_message\":\"This field is required\",\"global\":true}},\"names[middle_name]\":{\"required\":{\"value\":false,\"message\":\"Ce champ est obligatoire.\",\"global_message\":\"This field is required\",\"global\":true}},\"names[last_name]\":{\"required\":{\"value\":true,\"message\":\"Ce champ est obligatoire.\",\"global_message\":\"This field is required\",\"global\":true}},\"phone\":{\"required\":{\"value\":true,\"global\":true,\"message\":\"Ce champ est obligatoire.\",\"global_message\":\"This field is required\"},\"valid_phone_number\":{\"value\":true,\"global\":true,\"message\":\"Veuillez saisir un num\\u00e9ro de t\\u00e9l\\u00e9phone valide.\",\"global_message\":\"Phone number is not valid\"}},\"email\":{\"required\":{\"value\":true,\"message\":\"Ce champ est obligatoire.\",\"global_message\":\"This field is required\",\"global\":true},\"email\":{\"value\":true,\"message\":\"Veuillez saisir une adresse e-mail valide.\",\"global_message\":\"This field must contain a valid email\",\"global\":true}},\"address_1[address_line_1]\":{\"required\":{\"value\":false,\"message\":\"Ce champ est obligatoire.\",\"global_message\":\"This field is required\",\"global\":true}},\"address_1[address_line_2]\":{\"required\":{\"value\":false,\"message\":\"Ce champ est obligatoire.\",\"global_message\":\"This field is required\",\"global\":true}},\"address_1[city]\":{\"required\":{\"value\":false,\"message\":\"Ce champ est obligatoire.\",\"global_message\":\"This field is required\",\"global\":true}},\"address_1[state]\":{\"required\":{\"value\":false,\"message\":\"Ce champ est obligatoire.\",\"global_message\":\"This field is required\",\"global\":true}},\"address_1[zip]\":{\"required\":{\"value\":false,\"message\":\"Ce champ est obligatoire.\",\"global_message\":\"This field is required\",\"global\":true}},\"address_1[country]\":{\"required\":{\"value\":false,\"message\":\"Ce champ est obligatoire.\",\"global_message\":\"This field is required\",\"global\":true}},\"numeric_field\":{\"required\":{\"value\":false,\"message\":\"Ce champ est obligatoire.\",\"global_message\":\"This field is required\",\"global\":true},\"numeric\":{\"value\":true,\"message\":\"Ce champ doit contenir une valeur num\\u00e9rique.\",\"global_message\":\"This field must contain numeric value\",\"global\":true},\"min\":{\"value\":\"\",\"message\":\"La valeur saisie est inf\\u00e9rieure au minimum requis.\",\"global_message\":\"Validation fails for minimum value\",\"global\":true},\"max\":{\"value\":\"\",\"message\":\"La valeur saisie d\\u00e9passe le maximum autoris\\u00e9.\",\"global_message\":\"Validation fails for maximum value\",\"global\":true},\"digits\":{\"value\":\"\",\"message\":\"Ce champ doit contenir un nombre de chiffres valide.\",\"global_message\":\"Validation fails for limited digits\",\"global\":true}},\"input_radio\":{\"required\":{\"value\":false,\"message\":\"Ce champ est obligatoire.\",\"global_message\":\"This field is required\",\"global\":true}},\"input_text_1\":{\"required\":{\"value\":false,\"message\":\"Ce champ est obligatoire.\",\"global_message\":\"This field is required\",\"global\":true}},\"terms-n-condition\":{\"required\":{\"value\":true,\"message\":\"Ce champ est obligatoire.\",\"global_message\":\"This field is required\",\"global\":true}}},\"debounce_time\":300};\n                            <\/script>\n                        <\/div>\n\n            \t\t\t\t<\/div>\n\t\t\t\t<\/div>\n\t\t\t\t<div class=\"elementor-element elementor-element-4dd8021 sc_fly_static elementor-widget elementor-widget-spacer\" data-id=\"4dd8021\" data-element_type=\"widget\" data-e-type=\"widget\" data-widget_type=\"spacer.default\">\n\t\t\t\t<div class=\"elementor-widget-container\">\n\t\t\t\t\t\t\t<div class=\"elementor-spacer\">\n\t\t\t<div class=\"elementor-spacer-inner\"><\/div>\n\t\t<\/div>\n\t\t\t\t\t\t<\/div>\n\t\t\t\t<\/div>\n\t\t\t\t\t<\/div>\n\t\t\t\t<\/div>\n\t\t<div class=\"e-con-with-custom-width elementor-element elementor-element-4532023 e-con-full e-flex sc_layouts_column_icons_position_left e-con e-parent\" data-id=\"4532023\" data-element_type=\"container\" data-e-type=\"container\">\n\t\t\t\t<div class=\"elementor-element elementor-element-f06795b sc_fly_static elementor-widget elementor-widget-google_maps\" data-id=\"f06795b\" data-element_type=\"widget\" data-e-type=\"widget\" data-widget_type=\"google_maps.default\">\n\t\t\t\t<div class=\"elementor-widget-container\">\n\t\t\t\t\t\t\t<div class=\"elementor-custom-embed\">\n\t\t\t<iframe loading=\"lazy\"\n\t\t\t\t\tsrc=\"https:\/\/maps.google.com\/maps?q=rue%20godefroid%20kurth%2019&#038;t=m&#038;z=15&#038;output=embed&#038;iwloc=near\"\n\t\t\t\t\ttitle=\"rue godefroid kurth 19\"\n\t\t\t\t\taria-label=\"rue godefroid kurth 19\"\n\t\t\t><\/iframe>\n\t\t<\/div>\n\t\t\t\t\t\t<\/div>\n\t\t\t\t<\/div>\n\t\t\t\t<\/div>\n\t\t\t\t<\/div>\n\t\t","protected":false},"excerpt":{"rendered":"<p>DEVIS DEVIS Contact Nom de l&rsquo;entrepriseNomPr\u00e9nomNum\u00e9ro de t\u00e9l\u00e9phoneEmailAdresseCode postalVilleSurface \u00e0 nettoyer en m\u00b2Fr\u00e9quence&hellip;<\/p>","protected":false},"author":1,"featured_media":0,"parent":0,"menu_order":0,"comment_status":"closed","ping_status":"closed","template":"","meta":{"footnotes":""},"class_list":["post-8442","page","type-page","status-publish","hentry"],"_links":{"self":[{"href":"https:\/\/rapidnet.be\/nl\/wp-json\/wp\/v2\/pages\/8442","targetHints":{"allow":["GET"]}}],"collection":[{"href":"https:\/\/rapidnet.be\/nl\/wp-json\/wp\/v2\/pages"}],"about":[{"href":"https:\/\/rapidnet.be\/nl\/wp-json\/wp\/v2\/types\/page"}],"author":[{"embeddable":true,"href":"https:\/\/rapidnet.be\/nl\/wp-json\/wp\/v2\/users\/1"}],"replies":[{"embeddable":true,"href":"https:\/\/rapidnet.be\/nl\/wp-json\/wp\/v2\/comments?post=8442"}],"version-history":[{"count":19,"href":"https:\/\/rapidnet.be\/nl\/wp-json\/wp\/v2\/pages\/8442\/revisions"}],"predecessor-version":[{"id":8623,"href":"https:\/\/rapidnet.be\/nl\/wp-json\/wp\/v2\/pages\/8442\/revisions\/8623"}],"wp:attachment":[{"href":"https:\/\/rapidnet.be\/nl\/wp-json\/wp\/v2\/media?parent=8442"}],"curies":[{"name":"wp","href":"https:\/\/api.w.org\/{rel}","templated":true}]}}