{"id":8290,"date":"2025-06-17T09:18:13","date_gmt":"2025-06-17T09:18:13","guid":{"rendered":"https:\/\/rapidnet.be\/?page_id=8290"},"modified":"2026-02-01T10:36:59","modified_gmt":"2026-02-01T10:36:59","slug":"contact","status":"publish","type":"page","link":"https:\/\/rapidnet.be\/nl\/contact\/","title":{"rendered":"Contact"},"content":{"rendered":"\t\t<div data-elementor-type=\"wp-page\" data-elementor-id=\"8290\" class=\"elementor elementor-8290\" data-elementor-post-type=\"page\">\n\t\t\t\t<div class=\"elementor-element elementor-element-08d932d e-flex e-con-boxed sc_layouts_column_icons_position_left e-con e-parent\" data-id=\"08d932d\" data-element_type=\"container\" data-e-type=\"container\">\n\t\t\t\t\t<div class=\"e-con-inner\">\n\t\t\t\t<div data-animation-type=\"block\" class=\"elementor-element elementor-element-e21792d animation_type_block sc_fly_static elementor-invisible elementor-widget elementor-widget-heading\" data-id=\"e21792d\" data-element_type=\"widget\" data-e-type=\"widget\" data-settings=\"{&quot;_animation&quot;:&quot;ta_fadeinup&quot;}\" data-widget_type=\"heading.default\">\n\t\t\t\t<div class=\"elementor-widget-container\">\n\t\t\t\t\t<h6 class=\"elementor-heading-title elementor-size-default\">contactez-nous<\/h6>\t\t\t\t<\/div>\n\t\t\t\t<\/div>\n\t\t<div class=\"elementor-element elementor-element-fc793a2 e-con-full e-flex sc_layouts_column_icons_position_left e-con e-child\" data-id=\"fc793a2\" data-element_type=\"container\" data-e-type=\"container\">\n\t\t<div data-animation-type=\"block\" class=\"elementor-element elementor-element-fd59d5c e-con-full e-flex sc_layouts_column_icons_position_left animation_type_block elementor-invisible e-con e-child\" data-id=\"fd59d5c\" data-element_type=\"container\" data-e-type=\"container\" data-settings=\"{&quot;animation&quot;:&quot;ta_fadeinup&quot;}\">\n\t\t\t\t<div class=\"elementor-element elementor-element-de2159b trx-addons-animate sc_fly_static elementor-widget elementor-widget-trx_elm_advanced_title\" data-id=\"de2159b\" data-element_type=\"widget\" data-e-type=\"widget\" data-widget_type=\"trx_elm_advanced_title.default\">\n\t\t\t\t<div class=\"elementor-widget-container\">\n\t\t\t\t\t<h1 class=\"trx-addons-advanced-title\" style=\"--var-trx-addons-advanced-title-highlight-animation-duration: 2000ms;\">\n<span class=\"trx-addons-advanced-title-item trx-addons-advanced-title-item-text elementor-repeater-item-3407b0f\">Un projet, une question ou un devis ?<\/span>\n<span class=\"trx-addons-advanced-title-item trx-addons-advanced-title-item-text elementor-repeater-item-aa1f5d0\">Parlons-en<\/span><\/h1>\t\t\t\t<\/div>\n\t\t\t\t<\/div>\n\t\t\t\t<div class=\"elementor-element elementor-element-52bd0ee elementor-widget__width-initial sc_fly_static elementor-widget elementor-widget-text-editor\" data-id=\"52bd0ee\" data-element_type=\"widget\" data-e-type=\"widget\" data-widget_type=\"text-editor.default\">\n\t\t\t\t<div class=\"elementor-widget-container\">\n\t\t\t\t\t\t\t\t\t<p><span class=\"_fadeIn_m1hgl_8\">Notre <\/span><span class=\"_fadeIn_m1hgl_8\">\u00e9quipe <\/span><span class=\"_fadeIn_m1hgl_8\">est <\/span><span class=\"_fadeIn_m1hgl_8\">\u00e0 <\/span><span class=\"_fadeIn_m1hgl_8\">votre <\/span><span class=\"_fadeIn_m1hgl_8\">\u00e9coute <\/span><span class=\"_fadeIn_m1hgl_8\">pour <\/span><span class=\"_fadeIn_m1hgl_8\">r\u00e9pondre <\/span><span class=\"_fadeIn_m1hgl_8\">\u00e0 <\/span><span class=\"_fadeIn_m1hgl_8\">toutes <\/span><span class=\"_fadeIn_m1hgl_8\">vos <\/span><span class=\"_fadeIn_m1hgl_8\">demandes : <\/span><span class=\"_fadeIn_m1hgl_8\">renseignements, <\/span><span class=\"_fadeIn_m1hgl_8\">devis <\/span><span class=\"_fadeIn_m1hgl_8\">personnalis\u00e9s <\/span><span class=\"_fadeIn_m1hgl_8\">ou <\/span><span class=\"_fadeIn_m1hgl_8\">prise <\/span><span class=\"_fadeIn_m1hgl_8\">de <\/span><span class=\"_fadeIn_m1hgl_8\">rendez-<\/span><span class=\"_fadeIn_m1hgl_8\">vous. <\/span><span class=\"_fadeIn_m1hgl_8\">Remplissez <\/span><span class=\"_fadeIn_m1hgl_8\">le <\/span><span class=\"_fadeIn_m1hgl_8\">formulaire <\/span><span class=\"_fadeIn_m1hgl_8\">ci-<\/span><span class=\"_fadeIn_m1hgl_8\">dessous <\/span><span class=\"_fadeIn_m1hgl_8\">ou <\/span><span class=\"_fadeIn_m1hgl_8\">contactez-<\/span><span class=\"_fadeIn_m1hgl_8\">nous <\/span><span class=\"_fadeIn_m1hgl_8\">directement <\/span><span class=\"_fadeIn_m1hgl_8\">par <\/span><span class=\"_fadeIn_m1hgl_8\">t\u00e9l\u00e9phone <\/span><span class=\"_fadeIn_m1hgl_8\">ou <\/span><span class=\"_fadeIn_m1hgl_8\">e-<\/span><span class=\"_fadeIn_m1hgl_8\">mail. <\/span><span class=\"_fadeIn_m1hgl_8\">Nous <\/span><span class=\"_fadeIn_m1hgl_8\">vous <\/span><span class=\"_fadeIn_m1hgl_8\">r\u00e9pondrons <\/span><span class=\"_fadeIn_m1hgl_8\">dans <\/span><span class=\"_fadeIn_m1hgl_8\">les <\/span><span class=\"_fadeIn_m1hgl_8\">plus <\/span><span class=\"_fadeIn_m1hgl_8\">brefs <\/span><span class=\"_fadeIn_m1hgl_8\">d\u00e9lais.<\/span><\/p>\t\t\t\t\t\t\t\t<\/div>\n\t\t\t\t<\/div>\n\t\t\t\t<div class=\"elementor-element elementor-element-f1c3d4f trx-addons-icon-list-traditional elementor-list-item-link-inline trx-addons-icon-left sc_fly_static elementor-widget elementor-widget-trx_elm_icon_list\" data-id=\"f1c3d4f\" data-element_type=\"widget\" data-e-type=\"widget\" data-widget_type=\"trx_elm_icon_list.default\">\n\t\t\t\t<div class=\"elementor-widget-container\">\n\t\t\t\t\t\t\t<div class=\"trx-addons-list-container\">\n\t\t\t<ul class=\"trx-addons-list-items\">\n\t\t\t\t\t\t\t\t\t\t\t\t\t\t\t\t\t\t\t\t\t<li class=\"trx-addons-icon-list-item trx-addons-icon-list-item-with-link elementor-repeater-item-2039fe8\">\n\t\t\t\t\t\t\t\t\t\t\t\t\t\t\t<a href=\"https:\/\/maps.app.goo.gl\/VZupMZDUygcLYaVM9\" target=\"_blank\" rel=\"noopener\">\n\t\t\t\t\t\t\t\t\t\t\t<span class=\"trx-addons-icon-wrapper\">\n\t\t\t\t\t\t\t\t\t\t<span class=\"trx-addons-icon-list-icon trx-addons-icon \">\n\t\t\t\t\t\t<svg xmlns=\"http:\/\/www.w3.org\/2000\/svg\" viewBox=\"0 0 17.11 19.63\"><path class=\"cls-1\" d=\"M8.56,11.78c-1.94,0-3.51-1.57-3.51-3.51s1.57-3.51,3.51-3.51,3.51,1.57,3.51,3.51-1.58,3.51-3.51,3.51Zm0-5.72c-1.22,0-2.21,.99-2.21,2.21s.99,2.21,2.21,2.21,2.21-.99,2.21-2.21-.99-2.21-2.21-2.21Z\"><\/path><path class=\"cls-1\" d=\"M8.56,19.63c-1.35,0-2.7-.51-3.76-1.52C2.1,15.52-.88,11.39,.24,6.46H.24C1.26,2,5.15,0,8.55,0h0c3.41,0,7.3,2,8.31,6.46,1.12,4.93-1.87,9.06-4.57,11.65-1.05,1.01-2.4,1.52-3.75,1.52ZM1.51,6.74c-.98,4.34,1.74,8.07,4.19,10.43,1.6,1.54,4.11,1.54,5.71,0,2.46-2.36,5.18-6.08,4.2-10.43-.91-4.02-4.37-5.45-7.05-5.45h0C5.87,1.3,2.42,2.73,1.51,6.74h0Z\"><\/path><\/svg><\/span>\t\t\t<\/span>\n\t\t\t\t\t\t\t\t\t\t<p class=\"trx-addons-icon-list-text\">\n\t\t\t\t\t\t\t\tRue Godfroid Kurth 19 - 1140 Bruxelles\t\t\t\t\t\t\t<\/p>\n\t\t\t\t\t\t\t\t\t\t\t\t\t\t\t<\/a>\n\t\t\t\t\t\t\t\t\t\t\t\t\t\t<\/li>\n\t\t\t\t\t\t\t\t\t\t\t\t\t<\/ul>\n\t\t<\/div>\n\t\t\t\t\t\t<\/div>\n\t\t\t\t<\/div>\n\t\t\t\t<div class=\"elementor-element elementor-element-173f016 trx-addons-icon-list-traditional elementor-list-item-link-inline trx-addons-icon-left sc_fly_static elementor-widget elementor-widget-trx_elm_icon_list\" data-id=\"173f016\" data-element_type=\"widget\" data-e-type=\"widget\" data-widget_type=\"trx_elm_icon_list.default\">\n\t\t\t\t<div class=\"elementor-widget-container\">\n\t\t\t\t\t\t\t<div class=\"trx-addons-list-container\">\n\t\t\t<ul class=\"trx-addons-list-items\">\n\t\t\t\t\t\t\t\t\t\t\t\t\t\t\t\t\t\t\t\t\t<li class=\"trx-addons-icon-list-item trx-addons-icon-list-item-with-link elementor-repeater-item-2039fe8\">\n\t\t\t\t\t\t\t\t\t\t\t\t\t\t\t<a href=\"tel:+3222450157\">\n\t\t\t\t\t\t\t\t\t\t\t<span class=\"trx-addons-icon-wrapper\">\n\t\t\t\t\t\t\t\t\t\t<span class=\"trx-addons-icon-list-icon trx-addons-icon \">\n\t\t\t\t\t\t<svg xmlns=\"http:\/\/www.w3.org\/2000\/svg\" width=\"14\" height=\"18\" viewBox=\"0 0 14 18\"><path d=\"M12.3496 5C12.3496 3.39048 12.1451 2.63852 11.7754 2.24414C11.4196 1.86499 10.7482 1.65039 9.25 1.65039H4.75C3.25176 1.65039 2.58042 1.86499 2.22461 2.24414C1.85488 2.63852 1.65039 3.39048 1.65039 5V13C1.65039 14.6095 1.85488 15.3615 2.22461 15.7559C2.58042 16.135 3.25176 16.3496 4.75 16.3496H9.25C10.7482 16.3496 11.4196 16.135 11.7754 15.7559C12.1451 15.3615 12.3496 14.6095 12.3496 13V5ZM7.51074 13.4395C7.51074 13.0735 7.24221 12.8496 6.99805 12.8496C6.75398 12.8498 6.48633 13.0736 6.48633 13.4395C6.48644 13.8051 6.75404 14.0291 6.99805 14.0293C7.24216 14.0293 7.51063 13.8053 7.51074 13.4395ZM8.5 3.15039L8.63086 3.16406C8.92711 3.22463 9.15039 3.48663 9.15039 3.80078C9.15039 4.11493 8.92711 4.37694 8.63086 4.4375L8.5 4.45117H5.5C5.14101 4.45117 4.84961 4.15977 4.84961 3.80078C4.84961 3.4418 5.14101 3.15039 5.5 3.15039H8.5ZM8.81055 13.4395C8.81043 14.443 8.03786 15.3291 6.99805 15.3291C5.95843 15.3289 5.18567 14.4429 5.18555 13.4395C5.18555 12.4359 5.95835 11.5491 6.99805 11.5488C8.03794 11.5488 8.81055 12.4358 8.81055 13.4395ZM13.6504 13C13.6504 14.5903 13.4797 15.8389 12.7246 16.6445C11.9553 17.4651 10.7512 17.6504 9.25 17.6504H4.75C3.2488 17.6504 2.04469 17.4651 1.27539 16.6445C0.520297 15.8389 0.349609 14.5903 0.349609 13V5C0.349609 3.40966 0.520297 2.1611 1.27539 1.35547C2.04469 0.534884 3.2488 0.349609 4.75 0.349609H9.25C10.7512 0.349609 11.9553 0.534884 12.7246 1.35547C13.4797 2.1611 13.6504 3.40966 13.6504 5V13Z\"><\/path><\/svg><\/span>\t\t\t<\/span>\n\t\t\t\t\t\t\t\t\t\t<h6 class=\"trx-addons-icon-list-text\">\n\t\t\t\t\t\t\t\t+32 (0)2 245 01 57\t\t\t\t\t\t\t<\/h6>\n\t\t\t\t\t\t\t\t\t\t\t\t\t\t\t<\/a>\n\t\t\t\t\t\t\t\t\t\t\t\t\t\t<\/li>\n\t\t\t\t\t\t\t\t\t\t\t\t\t<\/ul>\n\t\t<\/div>\n\t\t\t\t\t\t<\/div>\n\t\t\t\t<\/div>\n\t\t\t\t<div class=\"elementor-element elementor-element-3728b3a trx-addons-icon-list-traditional elementor-list-item-link-inline trx-addons-icon-left sc_fly_static elementor-widget elementor-widget-trx_elm_icon_list\" data-id=\"3728b3a\" data-element_type=\"widget\" data-e-type=\"widget\" data-widget_type=\"trx_elm_icon_list.default\">\n\t\t\t\t<div class=\"elementor-widget-container\">\n\t\t\t\t\t\t\t<div class=\"trx-addons-list-container\">\n\t\t\t<ul class=\"trx-addons-list-items\">\n\t\t\t\t\t\t\t\t\t\t\t\t\t\t\t\t\t\t\t\t\t<li class=\"trx-addons-icon-list-item trx-addons-icon-list-item-with-link elementor-repeater-item-2039fe8\">\n\t\t\t\t\t\t\t\t\t\t\t\t\t\t\t<a href=\"mailto:info@rapidnet.be\">\n\t\t\t\t\t\t\t\t\t\t\t<span class=\"trx-addons-icon-wrapper\">\n\t\t\t\t\t\t\t\t\t\t<span class=\"trx-addons-icon-list-icon trx-addons-icon \">\n\t\t\t\t\t\t<svg xmlns=\"http:\/\/www.w3.org\/2000\/svg\" viewBox=\"0 0 19.63 16.88\"><path d=\"M14.4,16.88H5.23c-3.33,0-5.23-1.91-5.23-5.23V5.23C0,1.91,1.91,0,5.23,0H14.4c3.33,0,5.23,1.91,5.23,5.23v6.42c0,3.33-1.91,5.23-5.23,5.23ZM5.23,1.3c-2.61,0-3.93,1.32-3.93,3.93v6.42c0,2.61,1.32,3.93,3.93,3.93H14.4c2.61,0,3.93-1.32,3.93-3.93V5.23c0-2.61-1.32-3.93-3.93-3.93H5.23Z\"><\/path><path d=\"M9.81,9.2c-.76,0-1.53-.24-2.12-.71l-2.86-2.29c-.28-.22-.33-.63-.1-.91,.22-.28,.63-.33,.91-.1l2.86,2.29c.71,.57,1.91,.57,2.63,0l2.87-2.29c.28-.22,.69-.18,.91,.1s.18,.69-.1,.91l-2.87,2.29c-.6,.47-1.36,.71-2.12,.71Z\"><\/path><\/svg><\/span>\t\t\t<\/span>\n\t\t\t\t\t\t\t\t\t\t<p class=\"trx-addons-icon-list-text\">\n\t\t\t\t\t\t\t\tinfo@rapidnet.be\t\t\t\t\t\t\t<\/p>\n\t\t\t\t\t\t\t\t\t\t\t\t\t\t\t<\/a>\n\t\t\t\t\t\t\t\t\t\t\t\t\t\t<\/li>\n\t\t\t\t\t\t\t\t\t\t\t\t\t<\/ul>\n\t\t<\/div>\n\t\t\t\t\t\t<\/div>\n\t\t\t\t<\/div>\n\t\t\t\t<\/div>\n\t\t<div data-animation-type=\"block\" class=\"elementor-element elementor-element-06fed84 e-con-full e-flex sc_layouts_column_icons_position_left animation_type_block elementor-invisible e-con e-child\" data-id=\"06fed84\" data-element_type=\"container\" data-e-type=\"container\" data-settings=\"{&quot;animation&quot;:&quot;ta_fadeinup&quot;,&quot;animation_delay&quot;:100}\">\n\t\t\t\t<div class=\"elementor-element elementor-element-1fe63ca fluent-form-widget-step-header-yes fluent-form-widget-step-progressbar-yes fluentform-widget-submit-button-custom sc_fly_static elementor-widget elementor-widget-fluent-form-widget\" data-id=\"1fe63ca\" data-element_type=\"widget\" data-e-type=\"widget\" data-widget_type=\"fluent-form-widget.default\">\n\t\t\t\t<div class=\"elementor-widget-container\">\n\t\t\t\t\t\n            <div class=\"fluentform-widget-wrapper fluentform-widget-align-default\">\n\n            \n            <div class='fluentform ff-inherit-theme-style fluentform_wrapper_5'><form data-form_id=\"5\" id=\"fluentform_5\" class=\"frm-fluent-form fluent_form_5 ff-el-form-top ff_form_instance_5_1 ff-form-loading ffs_inherit_theme\" data-form_instance=\"ff_form_instance_5_1\" method=\"POST\" ><fieldset  style=\"border: none!important;margin: 0!important;padding: 0!important;background-color: transparent!important;box-shadow: none!important;outline: none!important; min-inline-size: 100%;\">\n                    <legend class=\"ff_screen_reader_title\" style=\"display: block; margin: 0!important;padding: 0!important;height: 0!important;text-indent: -999999px;width: 0!important;overflow:hidden;\">CONTACT<\/legend>        <div\n                style=\"display: none!important; position: absolute!important; transform: translateX(1000%)!important;\"\n                class=\"ff-el-group ff-hpsf-container\"\n        >\n            <div class=\"ff-el-input--label asterisk-right\">\n                <label for=\"ff_5_item_sf\" aria-label=\"Updates\">\n                    Updates                <\/label>\n            <\/div>\n            <div class=\"ff-el-input--content\">\n                <input type=\"text\"\n                       name=\"item_5__fluent_sf\"\n                       class=\"ff-el-form-control\"\n                       id=\"ff_5_item_sf\"\n                \/>\n            <\/div>\n        <\/div>\n                <input type=\"hidden\" id=\"__fluent_protection_token_5\" class=\"fluent-form-token-field\" name=\"__fluent_protection_token_5\">\n        <input type='hidden' name='__fluent_form_embded_post_id' value='8290' \/><input type=\"hidden\" id=\"_fluentform_5_fluentformnonce\" name=\"_fluentform_5_fluentformnonce\" value=\"4a89f95907\" \/><input type=\"hidden\" name=\"_wp_http_referer\" value=\"\/nl\/wp-json\/wp\/v2\/pages\/8290\" \/><div data-type=\"name-element\" data-name=\"names\" class=\" ff-field_container ff-name-field-wrapper\" ><div class='ff-t-container'><div class='ff-t-cell '><div class='ff-el-group ff-el-form-top'><div class=\"ff-el-input--label ff-el-is-required asterisk-right\"><label for='ff_5_names_first_name_' id='label_ff_5_names_first_name_' >Nom<\/label><\/div><div class='ff-el-input--content'><input type=\"text\" name=\"names[first_name]\" id=\"ff_5_names_first_name_\" class=\"ff-el-form-control\" aria-invalid=\"false\" aria-required=true><\/div><\/div><\/div><div class='ff-t-cell '><div class='ff-el-group ff-el-form-top'><div class=\"ff-el-input--label ff-el-is-required asterisk-right\"><label for='ff_5_names_last_name_' id='label_ff_5_names_last_name_' >Pr\u00e9nom<\/label><\/div><div class='ff-el-input--content'><input type=\"text\" name=\"names[last_name]\" id=\"ff_5_names_last_name_\" class=\"ff-el-form-control\" aria-invalid=\"false\" aria-required=true><\/div><\/div><\/div><\/div><\/div><div class='ff-el-group'><div class=\"ff-el-input--label ff-el-is-required asterisk-right\"><label for='ff_5_phone' id='label_ff_5_phone' aria-label=\"Num\u00e9ro de t\u00e9l\u00e9phone\">Num\u00e9ro de t\u00e9l\u00e9phone<\/label><\/div><div class='ff-el-input--content'><input name=\"phone\" class=\"ff-el-form-control ff-el-phone ff_el_with_extended_validation\" type=\"tel\" data-name=\"phone\" id=\"ff_5_phone\" inputmode=\"tel\"  aria-invalid='false' aria-required=true><\/div><\/div><div class='ff-el-group'><div class=\"ff-el-input--label ff-el-is-required asterisk-right\"><label for='ff_5_email' id='label_ff_5_email' aria-label=\"Email\">Email<\/label><\/div><div class='ff-el-input--content'><input type=\"email\" name=\"email\" id=\"ff_5_email\" class=\"ff-el-form-control\" data-name=\"email\"  aria-invalid=\"false\" aria-required=true><\/div><\/div><div class='ff-el-group'><div class=\"ff-el-input--label asterisk-right\"><label for='ff_5_input_text_1' id='label_ff_5_input_text_1' aria-label=\"Message\">Message<\/label><\/div><div class='ff-el-input--content'><input type=\"text\" name=\"input_text_1\" class=\"ff-el-form-control\" data-name=\"input_text_1\" id=\"ff_5_input_text_1\"  aria-invalid=\"false\" aria-required=false><\/div><\/div><div class='ff-el-group    ff-el-input--content'><div class='ff-el-form-check ff-el-tc'><label aria-label='Voorwaarden: J\u2019accepte que mes donn\u00e9es soient utilis\u00e9es pour me recontacter dans le cadre de ma demande, conform\u00e9ment \u00e0 la\u00a0politique de confidentialit\u00e9. bevat 1 link. Gebruik tab navigatie voor beoordeling.' class='ff-el-form-check-label ff_tc_label' for=terms-n-condition_edd89c92a449ab6c40905042799bb4b8><span class='ff_tc_checkbox'><input type=\"checkbox\" name=\"terms-n-condition\" class=\"ff-el-form-check-input\" data-name=\"terms-n-condition\" id=\"terms-n-condition_edd89c92a449ab6c40905042799bb4b8\"  value='on' aria-invalid='false' aria-required=true><\/span> <div class='ff_t_c'><p>J\u2019accepte que mes donn\u00e9es soient utilis\u00e9es pour me recontacter dans le cadre de ma demande, conform\u00e9ment \u00e0 la\u00a0<a href=\"https:\/\/rapidnet.be\/politique-de-confidentialite\" target=\"_blank\" rel=\"noopener noreferrer\">politique de confidentialit\u00e9<\/a>.<\/p><\/div><\/label><\/div><\/div><div class='ff-el-group ff-text-left ff_submit_btn_wrapper'><button type=\"submit\" class=\"ff-btn ff-btn-submit ff-btn-md ff_btn_no_style wpf_has_custom_css\"  aria-label=\"Envoyer\">Envoyer<\/button><\/div><\/fieldset><\/form><div id='fluentform_5_errors' class='ff-errors-in-stack ff_form_instance_5_1 ff-form-loading_errors ff_form_instance_5_1_errors'><\/div><\/div>            <script type=\"text\/javascript\">\n                window.fluent_form_ff_form_instance_5_1 = {\"id\":\"5\",\"ajaxUrl\":\"https:\\\/\\\/rapidnet.be\\\/wp-admin\\\/admin-ajax.php\",\"settings\":{\"layout\":{\"labelPlacement\":\"top\",\"asteriskPlacement\":\"asterisk-right\",\"helpMessagePlacement\":\"with_label\",\"errorMessagePlacement\":\"inline\",\"cssClassName\":\"\"},\"restrictions\":{\"denyEmptySubmission\":{\"enabled\":false}}},\"form_instance\":\"ff_form_instance_5_1\",\"form_id_selector\":\"fluentform_5\",\"rules\":{\"names[first_name]\":{\"required\":{\"value\":true,\"message\":\"Ce champ est obligatoire.\",\"global_message\":\"This field is required\",\"global\":true}},\"names[middle_name]\":{\"required\":{\"value\":false,\"message\":\"Ce champ est obligatoire.\",\"global_message\":\"This field is required\",\"global\":true}},\"names[last_name]\":{\"required\":{\"value\":true,\"message\":\"Ce champ est obligatoire.\",\"global_message\":\"This field is required\",\"global\":true}},\"phone\":{\"required\":{\"value\":true,\"global\":true,\"message\":\"Ce champ est obligatoire.\",\"global_message\":\"This field is required\"},\"valid_phone_number\":{\"value\":true,\"global\":true,\"message\":\"Veuillez saisir un num\\u00e9ro de t\\u00e9l\\u00e9phone valide.\",\"global_message\":\"Phone number is not valid\"}},\"email\":{\"required\":{\"value\":true,\"message\":\"Ce champ est obligatoire.\",\"global_message\":\"This field is required\",\"global\":true},\"email\":{\"value\":true,\"message\":\"Veuillez saisir une adresse e-mail valide.\",\"global_message\":\"This field must contain a valid email\",\"global\":true}},\"input_text_1\":{\"required\":{\"value\":false,\"message\":\"Ce champ est obligatoire.\",\"global_message\":\"This field is required\",\"global\":true}},\"terms-n-condition\":{\"required\":{\"value\":true,\"message\":\"Ce champ est obligatoire.\",\"global_message\":\"This field is required\",\"global\":true}}},\"debounce_time\":300};\n                            <\/script>\n                        <\/div>\n\n            \t\t\t\t<\/div>\n\t\t\t\t<\/div>\n\t\t\t\t<\/div>\n\t\t\t\t<\/div>\n\t\t\t\t\t<\/div>\n\t\t\t\t<\/div>\n\t\t<div class=\"elementor-element elementor-element-a29ff55 e-con-full e-flex sc_layouts_column_icons_position_left e-con e-parent\" data-id=\"a29ff55\" data-element_type=\"container\" data-e-type=\"container\">\n\t\t\t\t<div class=\"elementor-element elementor-element-77232bb sc_fly_static elementor-widget elementor-widget-trx_sc_googlemap\" data-id=\"77232bb\" data-element_type=\"widget\" data-e-type=\"widget\" data-widget_type=\"trx_sc_googlemap.default\">\n\t\t\t\t<div class=\"elementor-widget-container\">\n\t\t\t\t\t<div id=\"sc_googlemap_233236710_wrap\" class=\"sc_googlemap_wrap\"><div id=\"sc_googlemap_233236710\"\t\t\tclass=\"sc_item_content sc_map sc_googlemap sc_googlemap_default trx_addons_inline_538179718\"\n\t\t\t \t\t\tdata-zoom=\"17\"\n\t\t\tdata-center=\"\"\n\t\t\tdata-style=\"default\"\n\t\t\tdata-map-id=\"\"\n\t\t\tdata-cluster-icon=\"\"\n\t\t\t><iframe\n\t\t\t\t\t\tsrc=\"https:\/\/maps.google.com\/maps?t=m&output=embed&iwloc=near&z=17&q=Rue+Godefroid+Kurth+19\"\n\t\t\t\t\t\taria-label=\"\"><\/iframe><\/div><\/div>\t\t\t\t<\/div>\n\t\t\t\t<\/div>\n\t\t\t\t<\/div>\n\t\t\t\t<\/div>\n\t\t","protected":false},"excerpt":{"rendered":"<p>contactez-nous Un projet, une question ou un devis ? Parlons-en Notre \u00e9quipe est&hellip;<\/p>","protected":false},"author":1,"featured_media":0,"parent":0,"menu_order":0,"comment_status":"closed","ping_status":"closed","template":"","meta":{"footnotes":""},"class_list":["post-8290","page","type-page","status-publish","hentry"],"_links":{"self":[{"href":"https:\/\/rapidnet.be\/nl\/wp-json\/wp\/v2\/pages\/8290","targetHints":{"allow":["GET"]}}],"collection":[{"href":"https:\/\/rapidnet.be\/nl\/wp-json\/wp\/v2\/pages"}],"about":[{"href":"https:\/\/rapidnet.be\/nl\/wp-json\/wp\/v2\/types\/page"}],"author":[{"embeddable":true,"href":"https:\/\/rapidnet.be\/nl\/wp-json\/wp\/v2\/users\/1"}],"replies":[{"embeddable":true,"href":"https:\/\/rapidnet.be\/nl\/wp-json\/wp\/v2\/comments?post=8290"}],"version-history":[{"count":10,"href":"https:\/\/rapidnet.be\/nl\/wp-json\/wp\/v2\/pages\/8290\/revisions"}],"predecessor-version":[{"id":8614,"href":"https:\/\/rapidnet.be\/nl\/wp-json\/wp\/v2\/pages\/8290\/revisions\/8614"}],"wp:attachment":[{"href":"https:\/\/rapidnet.be\/nl\/wp-json\/wp\/v2\/media?parent=8290"}],"curies":[{"name":"wp","href":"https:\/\/api.w.org\/{rel}","templated":true}]}}