{"id":4727,"date":"2025-04-22T12:54:16","date_gmt":"2025-04-22T12:54:16","guid":{"rendered":"https:\/\/rapidnet.be\/?page_id=4727"},"modified":"2026-02-23T13:20:53","modified_gmt":"2026-02-23T13:20:53","slug":"certificeringen","status":"publish","type":"page","link":"https:\/\/rapidnet.be\/nl\/certifications\/","title":{"rendered":"Certificeringen"},"content":{"rendered":"<div data-elementor-type=\"wp-page\" data-elementor-id=\"4727\" class=\"elementor elementor-4727\" data-elementor-post-type=\"page\">\n\t\t\t\t<div class=\"elementor-element elementor-element-2c1f3e6 e-flex e-con-boxed sc_layouts_column_icons_position_left e-con e-parent\" data-id=\"2c1f3e6\" data-element_type=\"container\" data-e-type=\"container\">\n\t\t\t\t\t<div class=\"e-con-inner\">\n\t\t\t\t<div data-animation-type=\"block\" class=\"elementor-element elementor-element-f55ad40 animation_type_block sc_fly_static elementor-invisible elementor-widget elementor-widget-heading\" data-id=\"f55ad40\" data-element_type=\"widget\" data-e-type=\"widget\" data-settings=\"{&quot;_animation&quot;:&quot;ta_fadeinup&quot;}\" data-widget_type=\"heading.default\">\n\t\t\t\t<div class=\"elementor-widget-container\">\n\t\t\t\t\t<h6 class=\"elementor-heading-title elementor-size-default\">Des Certifications Qui Garantissent Votre Confiance<\/h6>\t\t\t\t<\/div>\n\t\t\t\t<\/div>\n\t\t<div class=\"e-con-gap-no elementor-element elementor-element-7b4aa94 e-flex e-con-boxed sc_layouts_column_icons_position_left e-con e-child\" data-id=\"7b4aa94\" data-element_type=\"container\" data-e-type=\"container\">\n\t\t\t\t\t<div class=\"e-con-inner\">\n\t\t<div class=\"elementor-element elementor-element-30d08e3 e-con-full e-flex sc_layouts_column_icons_position_left e-con e-child\" data-id=\"30d08e3\" data-element_type=\"container\" data-e-type=\"container\">\n\t\t\t\t<div data-animation-type=\"block\" class=\"elementor-element elementor-element-c50ddc1 animation_type_block sc_fly_static elementor-invisible elementor-widget elementor-widget-text-editor\" data-id=\"c50ddc1\" data-element_type=\"widget\" data-e-type=\"widget\" data-settings=\"{&quot;_animation_delay&quot;:100,&quot;_animation&quot;:&quot;ta_fadeinup&quot;}\" data-widget_type=\"text-editor.default\">\n\t\t\t\t<div class=\"elementor-widget-container\">\n\t\t\t\t\t\t\t\t\t<p>Chez RapidNet, la qualit\u00e9, la s\u00e9curit\u00e9 et le respect de l\u2019environnement ne sont pas de simples engagements, mais des standards int\u00e9gr\u00e9s \u00e0 chacune de nos interventions. Nos certifications officielles attestent de notre rigueur, de notre conformit\u00e9 aux normes internationales et de notre volont\u00e9 d\u2019offrir \u00e0 nos clients des services fiables, s\u00e9curis\u00e9s et durables. \u00c0 travers nos certifications VCA, ISO 9001 et ISO 14001, nous d\u00e9montrons notre engagement constant envers l\u2019excellence op\u00e9rationnelle, la s\u00e9curit\u00e9 sur chantier et la responsabilit\u00e9 environnementale.<\/p>\t\t\t\t\t\t\t\t<\/div>\n\t\t\t\t<\/div>\n\t\t\t\t<\/div>\n\t\t\t\t\t<\/div>\n\t\t\t\t<\/div>\n\t\t\t\t\t<\/div>\n\t\t\t\t<\/div>\n\t\t<div class=\"elementor-element elementor-element-8dcb54f e-flex e-con-boxed sc_layouts_column_icons_position_left e-con e-parent\" data-id=\"8dcb54f\" data-element_type=\"container\" data-e-type=\"container\" data-settings=\"{&quot;background_background&quot;:&quot;classic&quot;}\">\n\t\t\t\t\t<div class=\"e-con-inner\">\n\t\t<div class=\"elementor-element elementor-element-55c39e3 e-con-full e-flex sc_layouts_column_icons_position_left e-con e-child\" data-id=\"55c39e3\" data-element_type=\"container\" data-e-type=\"container\">\n\t\t\t\t<div data-animation-type=\"block\" class=\"elementor-element elementor-element-5ce640e elementor-widget__width-initial animation_type_block sc_fly_static elementor-invisible elementor-widget elementor-widget-heading\" data-id=\"5ce640e\" data-element_type=\"widget\" data-e-type=\"widget\" data-settings=\"{&quot;_animation&quot;:&quot;ta_fadeinup&quot;,&quot;_animation_delay&quot;:100}\" data-widget_type=\"heading.default\">\n\t\t\t\t<div class=\"elementor-widget-container\">\n\t\t\t\t\t<h1 class=\"elementor-heading-title elementor-size-default\">Nos certificats<\/h1>\t\t\t\t<\/div>\n\t\t\t\t<\/div>\n\t\t\t\t<\/div>\n\t\t<div class=\"elementor-element elementor-element-180e987 e-grid e-con-full sc_layouts_column_icons_position_left e-con e-child\" data-id=\"180e987\" data-element_type=\"container\" data-e-type=\"container\">\n\t\t\t\t<div data-animation-type=\"block\" class=\"elementor-element elementor-element-e09c914 trx-addons-pricing-table-align-left trx-addons-pricing-table-price-duration-nowrap trx-addons-pricing-table-height-stretch animation_type_block sc_fly_static elementor-invisible elementor-widget elementor-widget-trx_elm_pricing_table\" data-id=\"e09c914\" data-element_type=\"widget\" data-e-type=\"widget\" data-settings=\"{&quot;_animation&quot;:&quot;ta_fadeinup&quot;,&quot;_animation_delay&quot;:100}\" data-widget_type=\"trx_elm_pricing_table.default\">\n\t\t\t\t<div class=\"elementor-widget-container\">\n\t\t\t\t\t\t\t<div class=\"trx-addons-pricing-table-container\">\n\t\t\t<div class=\"trx-addons-pricing-table trx-addons-pricing-table-currency-raised\">\n\t\t\t\t<div class=\"trx-addons-pricing-table-content\">\t\t\t\t<div class=\"trx-addons-pricing-table-head\">\n\t\t\t\t\t\t\t\t\t\t<div class=\"trx-addons-pricing-table-title-wrap\">\n\t\t\t\t\t\t\t\t\t\t\t\t\t<h6 class=\"trx-addons-pricing-table-title\">\n\t\t\t\t\t\t\t\tVeiligheid, Gezondheid en Milieu Checklist Aannemers\t\t\t\t\t\t\t<\/h6>\n\t\t\t\t\t\t\t\t\t\t\t\t<\/div>\n\t\t\t\t<\/div>\n\t\t\t\t\t\t\t\t<div class=\"trx-addons-pricing-table-price-wrap\">\n\t\t\t\t\t\t\t\t\t\t<h2 class=\"trx-addons-pricing-table-price\">\n\t\t\t\t\t\t\t\t\t\t\t\t\t\t\t\t\t\t<span class=\"trx-addons-pricing-table-price-value\">\n\t\t\t\t\t\t\t<span class=\"trx-addons-pricing-table-integer-part\">\n\t\t\t\t\t\t\t\tVCA\t\t\t\t\t\t\t<\/span>\n\t\t\t\t\t\t\t\t\t\t\t\t\t<\/span>\n\t\t\t\t\t\t\t\t\t\t\t<\/h2>\n\t\t\t\t\t\t\t\t\t<\/div>\n\t\t\t\t\t\t\t\t\t<div class=\"trx-addons-pricing-table-price-divider trx-addons-pricing-table-price-divider-after\"><div class=\"trx-addons-pricing-table-price-divider-inner\"><\/div><\/div>\n\t\t\t\t\t\t\t\t\t\t\t\t\t\t\t\t\t\t<ul class=\"trx-addons-pricing-table-features\">\n\t\t\t\t\t\t\t\t\t\t\t\t\t\t\t\t\t\t\t\t<li class=\"elementor-repeater-item-243ea19\">\n\t\t\t\t\t\t\t\t<div class=\"trx-addons-pricing-table-feature-content\"><span class=\"trx-addons-pricing-table-feature-text\">\n\t\t\t\t\t\t\t\t\t\t\tLa certification VCA atteste de notre engagement strict en mati\u00e8re de s\u00e9curit\u00e9, de sant\u00e9 et de pr\u00e9vention des risques sur chantier. Elle garantit que nos \u00e9quipes travaillent selon des proc\u00e9dures rigoureuses, r\u00e9duisant les risques d\u2019accidents et assurant un environnement de travail s\u00e9curis\u00e9 pour tous.\t\t\t\t\t\t\t\t\t\t<\/span><\/div>\n\t\t\t\t\t\t\t<\/li>\n\t\t\t\t\t\t\t\t\t\t\t<\/ul>\n\t\t\t\t<\/div>\t\t\t\t<div class=\"trx-addons-pricing-table-footer\">\n\t\t\t\t\t<div class=\"trx-addons-pricing-table-button-wrap trx-addons-pricing-table-button-wrap-below\">\n\t\t\t\t<a class=\"trx-addons-pricing-table-button elementor-button\" href=\"#\" target=\"_blank\">\n\t\t\t\t\t\t\t\t\t\t\t\t\t\t\t\t<span class=\"trx-addons-pricing-table-button-text\">Voir le certificat<\/span>\n\t\t\t\t\t\t\t\t\t\t\t\t\t\t<\/a>\n\t\t\t<\/div>\t\t\t\t\t\t\t\t\t<\/div>\n\t\t\t<\/div>\n\t\t\t\t\t<\/div>\n\t\t\t\t\t\t<\/div>\n\t\t\t\t<\/div>\n\t\t\t\t<div data-animation-type=\"block\" class=\"elementor-element elementor-element-ac7c212 trx-addons-pricing-table-align-left trx-addons-pricing-table-price-duration-nowrap trx-addons-pricing-table-height-stretch animation_type_block sc_fly_static elementor-invisible elementor-widget elementor-widget-trx_elm_pricing_table\" data-id=\"ac7c212\" data-element_type=\"widget\" data-e-type=\"widget\" data-settings=\"{&quot;_animation&quot;:&quot;ta_fadeinup&quot;,&quot;_animation_delay&quot;:100}\" data-widget_type=\"trx_elm_pricing_table.default\">\n\t\t\t\t<div class=\"elementor-widget-container\">\n\t\t\t\t\t\t\t<div class=\"trx-addons-pricing-table-container\">\n\t\t\t<div class=\"trx-addons-pricing-table trx-addons-pricing-table-currency-raised\">\n\t\t\t\t<div class=\"trx-addons-pricing-table-content\">\t\t\t\t<div class=\"trx-addons-pricing-table-head\">\n\t\t\t\t\t\t\t\t\t\t<div class=\"trx-addons-pricing-table-title-wrap\">\n\t\t\t\t\t\t\t\t\t\t\t\t\t<h6 class=\"trx-addons-pricing-table-title\">\n\t\t\t\t\t\t\t\tManagement de la Qualit\u00e9\t\t\t\t\t\t\t<\/h6>\n\t\t\t\t\t\t\t\t\t\t\t\t<\/div>\n\t\t\t\t<\/div>\n\t\t\t\t\t\t\t\t<div class=\"trx-addons-pricing-table-price-wrap\">\n\t\t\t\t\t\t\t\t\t\t<h2 class=\"trx-addons-pricing-table-price\">\n\t\t\t\t\t\t\t\t\t\t\t\t\t\t\t\t\t\t<span class=\"trx-addons-pricing-table-price-value\">\n\t\t\t\t\t\t\t<span class=\"trx-addons-pricing-table-integer-part\">\n\t\t\t\t\t\t\t\tISO 9001\t\t\t\t\t\t\t<\/span>\n\t\t\t\t\t\t\t\t\t\t\t\t\t<\/span>\n\t\t\t\t\t\t\t\t\t\t\t<\/h2>\n\t\t\t\t\t\t\t\t\t<\/div>\n\t\t\t\t\t\t\t\t\t<div class=\"trx-addons-pricing-table-price-divider trx-addons-pricing-table-price-divider-after\"><div class=\"trx-addons-pricing-table-price-divider-inner\"><\/div><\/div>\n\t\t\t\t\t\t\t\t\t\t\t\t\t\t\t\t\t\t<ul class=\"trx-addons-pricing-table-features\">\n\t\t\t\t\t\t\t\t\t\t\t\t\t\t\t\t\t\t\t\t<li class=\"elementor-repeater-item-243ea19\">\n\t\t\t\t\t\t\t\t<div class=\"trx-addons-pricing-table-feature-content\"><span class=\"trx-addons-pricing-table-feature-text\">\n\t\t\t\t\t\t\t\t\t\t\tLa norme ISO 9001 confirme que RapidNet applique un syst\u00e8me de management de la qualit\u00e9 structur\u00e9 et performant. Elle assure une organisation efficace, une am\u00e9lioration continue de nos processus et une attention constante \u00e0 la satisfaction de nos clients.\t\t\t\t\t\t\t\t\t\t<\/span><\/div>\n\t\t\t\t\t\t\t<\/li>\n\t\t\t\t\t\t\t\t\t\t\t<\/ul>\n\t\t\t\t<\/div>\t\t\t\t<div class=\"trx-addons-pricing-table-footer\">\n\t\t\t\t\t<div class=\"trx-addons-pricing-table-button-wrap trx-addons-pricing-table-button-wrap-below\">\n\t\t\t\t<a class=\"trx-addons-pricing-table-button elementor-button\" href=\"https:\/\/rapidnet.be\/wp-content\/uploads\/2026\/02\/ISO-9001-Certificate.pdf\" target=\"_blank\">\n\t\t\t\t\t\t\t\t\t\t\t\t\t\t\t\t<span class=\"trx-addons-pricing-table-button-text\">Voir le certificat<\/span>\n\t\t\t\t\t\t\t\t\t\t\t\t\t\t<\/a>\n\t\t\t<\/div>\t\t\t\t\t\t\t\t\t<\/div>\n\t\t\t<\/div>\n\t\t\t\t\t<\/div>\n\t\t\t\t\t\t<\/div>\n\t\t\t\t<\/div>\n\t\t\t\t<div data-animation-type=\"block\" class=\"elementor-element elementor-element-d53c00f trx-addons-pricing-table-align-left trx-addons-pricing-table-price-duration-nowrap trx-addons-pricing-table-height-stretch animation_type_block sc_fly_static elementor-invisible elementor-widget elementor-widget-trx_elm_pricing_table\" data-id=\"d53c00f\" data-element_type=\"widget\" data-e-type=\"widget\" data-settings=\"{&quot;_animation&quot;:&quot;ta_fadeinup&quot;,&quot;_animation_delay&quot;:100}\" data-widget_type=\"trx_elm_pricing_table.default\">\n\t\t\t\t<div class=\"elementor-widget-container\">\n\t\t\t\t\t\t\t<div class=\"trx-addons-pricing-table-container\">\n\t\t\t<div class=\"trx-addons-pricing-table trx-addons-pricing-table-currency-raised\">\n\t\t\t\t<div class=\"trx-addons-pricing-table-content\">\t\t\t\t<div class=\"trx-addons-pricing-table-head\">\n\t\t\t\t\t\t\t\t\t\t<div class=\"trx-addons-pricing-table-title-wrap\">\n\t\t\t\t\t\t\t\t\t\t\t\t\t<h6 class=\"trx-addons-pricing-table-title\">\n\t\t\t\t\t\t\t\tManagement Environnemental\t\t\t\t\t\t\t<\/h6>\n\t\t\t\t\t\t\t\t\t\t\t\t<\/div>\n\t\t\t\t<\/div>\n\t\t\t\t\t\t\t\t<div class=\"trx-addons-pricing-table-price-wrap\">\n\t\t\t\t\t\t\t\t\t\t<h2 class=\"trx-addons-pricing-table-price\">\n\t\t\t\t\t\t\t\t\t\t\t\t\t\t\t\t\t\t<span class=\"trx-addons-pricing-table-price-value\">\n\t\t\t\t\t\t\t<span class=\"trx-addons-pricing-table-integer-part\">\n\t\t\t\t\t\t\t\tISO 14001\t\t\t\t\t\t\t<\/span>\n\t\t\t\t\t\t\t\t\t\t\t\t\t<\/span>\n\t\t\t\t\t\t\t\t\t\t\t<\/h2>\n\t\t\t\t\t\t\t\t\t<\/div>\n\t\t\t\t\t\t\t\t\t<div class=\"trx-addons-pricing-table-price-divider trx-addons-pricing-table-price-divider-after\"><div class=\"trx-addons-pricing-table-price-divider-inner\"><\/div><\/div>\n\t\t\t\t\t\t\t\t\t\t\t\t\t\t\t\t\t\t<ul class=\"trx-addons-pricing-table-features\">\n\t\t\t\t\t\t\t\t\t\t\t\t\t\t\t\t\t\t\t\t<li class=\"elementor-repeater-item-243ea19\">\n\t\t\t\t\t\t\t\t<div class=\"trx-addons-pricing-table-feature-content\"><span class=\"trx-addons-pricing-table-feature-text\">\n\t\t\t\t\t\t\t\t\t\t\tLa certification ISO 14001 d\u00e9montre notre engagement envers la protection de l\u2019environnement. Elle encadre nos activit\u00e9s afin de r\u00e9duire notre impact environnemental, optimiser l\u2019utilisation des ressources et promouvoir des pratiques durables dans chacun de nos projets.\t\t\t\t\t\t\t\t\t\t<\/span><\/div>\n\t\t\t\t\t\t\t<\/li>\n\t\t\t\t\t\t\t\t\t\t\t<\/ul>\n\t\t\t\t<\/div>\t\t\t\t<div class=\"trx-addons-pricing-table-footer\">\n\t\t\t\t\t<div class=\"trx-addons-pricing-table-button-wrap trx-addons-pricing-table-button-wrap-below\">\n\t\t\t\t<a class=\"trx-addons-pricing-table-button elementor-button\" href=\"https:\/\/rapidnet.be\/wp-content\/uploads\/2026\/02\/ISO-14001-Certificate.pdf\" target=\"_blank\">\n\t\t\t\t\t\t\t\t\t\t\t\t\t\t\t\t<span class=\"trx-addons-pricing-table-button-text\">Voir le certificat<\/span>\n\t\t\t\t\t\t\t\t\t\t\t\t\t\t<\/a>\n\t\t\t<\/div>\t\t\t\t\t\t\t\t\t<\/div>\n\t\t\t<\/div>\n\t\t\t\t\t<\/div>\n\t\t\t\t\t\t<\/div>\n\t\t\t\t<\/div>\n\t\t\t\t<div data-animation-type=\"block\" class=\"elementor-element elementor-element-5c229cb trx-addons-pricing-table-align-left trx-addons-pricing-table-price-duration-nowrap trx-addons-pricing-table-height-stretch animation_type_block sc_fly_static elementor-invisible elementor-widget elementor-widget-trx_elm_pricing_table\" data-id=\"5c229cb\" data-element_type=\"widget\" data-e-type=\"widget\" data-settings=\"{&quot;_animation&quot;:&quot;ta_fadeinup&quot;,&quot;_animation_delay&quot;:100}\" data-widget_type=\"trx_elm_pricing_table.default\">\n\t\t\t\t<div class=\"elementor-widget-container\">\n\t\t\t\t\t\t\t<div class=\"trx-addons-pricing-table-container\">\n\t\t\t<div class=\"trx-addons-pricing-table trx-addons-pricing-table-currency-raised\">\n\t\t\t\t<div class=\"trx-addons-pricing-table-content\">\t\t\t\t<div class=\"trx-addons-pricing-table-head\">\n\t\t\t\t\t\t\t\t\t\t<div class=\"trx-addons-pricing-table-title-wrap\">\n\t\t\t\t\t\t\t\t\t\t\t\t\t<h6 class=\"trx-addons-pricing-table-title\">\n\t\t\t\t\t\t\t\tResponsabilit\u00e9 Soci\u00e9tale des Entreprises (RSE)\t\t\t\t\t\t\t<\/h6>\n\t\t\t\t\t\t\t\t\t\t\t\t<\/div>\n\t\t\t\t<\/div>\n\t\t\t\t\t\t\t\t<div class=\"trx-addons-pricing-table-price-wrap\">\n\t\t\t\t\t\t\t\t\t\t<h2 class=\"trx-addons-pricing-table-price\">\n\t\t\t\t\t\t\t\t\t\t\t\t\t\t\t\t\t\t<span class=\"trx-addons-pricing-table-price-value\">\n\t\t\t\t\t\t\t<span class=\"trx-addons-pricing-table-integer-part\">\n\t\t\t\t\t\t\t\tDiamond Award\t\t\t\t\t\t\t<\/span>\n\t\t\t\t\t\t\t\t\t\t\t\t\t<\/span>\n\t\t\t\t\t\t\t\t\t\t\t<\/h2>\n\t\t\t\t\t\t\t\t\t<\/div>\n\t\t\t\t\t\t\t\t\t<div class=\"trx-addons-pricing-table-price-divider trx-addons-pricing-table-price-divider-after\"><div class=\"trx-addons-pricing-table-price-divider-inner\"><\/div><\/div>\n\t\t\t\t\t\t\t\t\t\t\t\t\t\t\t\t\t\t<ul class=\"trx-addons-pricing-table-features\">\n\t\t\t\t\t\t\t\t\t\t\t\t\t\t\t\t\t\t\t\t<li class=\"elementor-repeater-item-243ea19\">\n\t\t\t\t\t\t\t\t<div class=\"trx-addons-pricing-table-feature-content\"><span class=\"trx-addons-pricing-table-feature-text\">\n\t\t\t\t\t\t\t\t\t\t\tLe Diamond Award, d\u00e9livr\u00e9 par EOS Certification, reconna\u00eet l\u2019excellence de RapidNet en mati\u00e8re de Responsabilit\u00e9 Soci\u00e9tale des Entreprises (RSE). Cette distinction confirme que notre engagement social, \u00e9thique et environnemental a \u00e9t\u00e9 \u00e9valu\u00e9 selon les lignes directrices de la norme ISO 26000. Elle refl\u00e8te notre volont\u00e9 d\u2019agir de mani\u00e8re responsable, durable et transparente dans l\u2019ensemble de nos activit\u00e9s.\t\t\t\t\t\t\t\t\t\t<\/span><\/div>\n\t\t\t\t\t\t\t<\/li>\n\t\t\t\t\t\t\t\t\t\t\t<\/ul>\n\t\t\t\t<\/div>\t\t\t\t<div class=\"trx-addons-pricing-table-footer\">\n\t\t\t\t\t<div class=\"trx-addons-pricing-table-button-wrap trx-addons-pricing-table-button-wrap-below\">\n\t\t\t\t<a class=\"trx-addons-pricing-table-button elementor-button\" href=\"https:\/\/rapidnet.be\/wp-content\/uploads\/2026\/02\/DIAMOND-AWARD.pdf\" target=\"_blank\">\n\t\t\t\t\t\t\t\t\t\t\t\t\t\t\t\t<span class=\"trx-addons-pricing-table-button-text\">Voir le certificat<\/span>\n\t\t\t\t\t\t\t\t\t\t\t\t\t\t<\/a>\n\t\t\t<\/div>\t\t\t\t\t\t\t\t\t<\/div>\n\t\t\t<\/div>\n\t\t\t\t\t<\/div>\n\t\t\t\t\t\t<\/div>\n\t\t\t\t<\/div>\n\t\t\t\t<\/div>\n\t\t\t\t\t<\/div>\n\t\t\t\t<\/div>\n\t\t\t\t<\/div>","protected":false},"excerpt":{"rendered":"<p>Des Certifications Qui Garantissent Votre Confiance Chez RapidNet, la qualit\u00e9, la s\u00e9curit\u00e9 et&hellip;<\/p>","protected":false},"author":1,"featured_media":0,"parent":0,"menu_order":0,"comment_status":"closed","ping_status":"closed","template":"","meta":{"footnotes":""},"class_list":["post-4727","page","type-page","status-publish","hentry"],"_links":{"self":[{"href":"https:\/\/rapidnet.be\/nl\/wp-json\/wp\/v2\/pages\/4727","targetHints":{"allow":["GET"]}}],"collection":[{"href":"https:\/\/rapidnet.be\/nl\/wp-json\/wp\/v2\/pages"}],"about":[{"href":"https:\/\/rapidnet.be\/nl\/wp-json\/wp\/v2\/types\/page"}],"author":[{"embeddable":true,"href":"https:\/\/rapidnet.be\/nl\/wp-json\/wp\/v2\/users\/1"}],"replies":[{"embeddable":true,"href":"https:\/\/rapidnet.be\/nl\/wp-json\/wp\/v2\/comments?post=4727"}],"version-history":[{"count":8,"href":"https:\/\/rapidnet.be\/nl\/wp-json\/wp\/v2\/pages\/4727\/revisions"}],"predecessor-version":[{"id":8715,"href":"https:\/\/rapidnet.be\/nl\/wp-json\/wp\/v2\/pages\/4727\/revisions\/8715"}],"wp:attachment":[{"href":"https:\/\/rapidnet.be\/nl\/wp-json\/wp\/v2\/media?parent=4727"}],"curies":[{"name":"wp","href":"https:\/\/api.w.org\/{rel}","templated":true}]}}