{"id":3,"date":"2024-09-16T09:34:31","date_gmt":"2024-09-16T09:34:31","guid":{"rendered":"https:\/\/rapidnet.be\/?page_id=3"},"modified":"2025-07-28T11:16:24","modified_gmt":"2025-07-28T11:16:24","slug":"privacybeleid","status":"publish","type":"page","link":"https:\/\/rapidnet.be\/nl\/politique-de-confidentialite\/","title":{"rendered":"Privacybeleid"},"content":{"rendered":"\t\t<div data-elementor-type=\"wp-page\" data-elementor-id=\"3\" class=\"elementor elementor-3\" data-elementor-post-type=\"page\">\n\t\t\t\t<div class=\"elementor-element elementor-element-5718cb04 e-flex e-con-boxed sc_layouts_column_icons_position_left e-con e-parent\" data-id=\"5718cb04\" data-element_type=\"container\" data-e-type=\"container\">\n\t\t\t\t\t<div class=\"e-con-inner\">\n\t\t\t\t<div class=\"elementor-element elementor-element-53b852f2 sc_fly_static elementor-widget elementor-widget-text-editor\" data-id=\"53b852f2\" data-element_type=\"widget\" data-e-type=\"widget\" data-widget_type=\"text-editor.default\">\n\t\t\t\t<div class=\"elementor-widget-container\">\n\t\t\t\t\t\t\t\t\t<h1 data-start=\"198\" data-end=\"230\">Politique de Confidentialit\u00e9<\/h1><p data-start=\"231\" data-end=\"275\"><strong data-start=\"231\" data-end=\"275\">Derni\u00e8re mise \u00e0 jour : [28 juillet 2025]<\/strong><\/p><p data-start=\"277\" data-end=\"647\">La pr\u00e9sente politique de confidentialit\u00e9 a pour but d\u2019informer les utilisateurs du site web de <strong data-start=\"372\" data-end=\"389\">RAPID NET SRL<\/strong>, situ\u00e9 \u00e0 l\u2019adresse <strong data-start=\"409\" data-end=\"428\"><a class=\"\" href=\"http:\/\/www.rapidnet.be\" target=\"_new\" rel=\"noopener\" data-start=\"411\" data-end=\"426\">www.rapidnet.be<\/a><\/strong>, sur la mani\u00e8re dont leurs donn\u00e9es personnelles sont collect\u00e9es, trait\u00e9es et prot\u00e9g\u00e9es, conform\u00e9ment au <strong data-start=\"533\" data-end=\"605\">R\u00e8glement G\u00e9n\u00e9ral sur la Protection des Donn\u00e9es (RGPD \u2013 UE 2016\/679)<\/strong> et \u00e0 la <strong data-start=\"614\" data-end=\"635\">l\u00e9gislation belge<\/strong> en vigueur.<\/p><hr data-start=\"649\" data-end=\"652\" \/><h2 data-start=\"654\" data-end=\"697\">1. Identit\u00e9 du responsable du traitement<\/h2><p data-start=\"699\" data-end=\"985\">Les donn\u00e9es personnelles collect\u00e9es via ce site sont trait\u00e9es par :<br data-start=\"766\" data-end=\"769\" \/><strong data-start=\"769\" data-end=\"786\">RAPID NET SRL<\/strong><br data-start=\"786\" data-end=\"789\" \/>Rue Godfroid Kurth 19<br data-start=\"810\" data-end=\"813\" \/>1140 Evere \u2013 Bruxelles \u2013 Belgique<br data-start=\"846\" data-end=\"849\" \/>TVA : <strong data-start=\"855\" data-end=\"874\">BE 0766.606.044<\/strong><br data-start=\"874\" data-end=\"877\" \/>E-mail de contact : <strong data-start=\"897\" data-end=\"917\"><a class=\"cursor-pointer\" rel=\"noopener\" data-start=\"899\" data-end=\"915\">info@rapidnet.be<\/a><\/strong><br data-start=\"917\" data-end=\"920\" \/>Le responsable du traitement est repr\u00e9sent\u00e9 par <strong data-start=\"968\" data-end=\"984\">la direction<\/strong>.<\/p><hr data-start=\"987\" data-end=\"990\" \/><h2 data-start=\"992\" data-end=\"1016\">2. Donn\u00e9es collect\u00e9es<\/h2><p data-start=\"1018\" data-end=\"1145\">Lors de l\u2019utilisation de notre site web, notamment via les formulaires en ligne, nous pouvons collecter les donn\u00e9es suivantes :<\/p><ul data-start=\"1147\" data-end=\"1262\"><li data-start=\"1147\" data-end=\"1164\"><p data-start=\"1149\" data-end=\"1164\">Nom et pr\u00e9nom<\/p><\/li><li data-start=\"1165\" data-end=\"1183\"><p data-start=\"1167\" data-end=\"1183\">Adresse e-mail<\/p><\/li><li data-start=\"1184\" data-end=\"1207\"><p data-start=\"1186\" data-end=\"1207\">Num\u00e9ro de t\u00e9l\u00e9phone<\/p><\/li><li data-start=\"1208\" data-end=\"1229\"><p data-start=\"1210\" data-end=\"1229\">Date de naissance<\/p><\/li><li data-start=\"1230\" data-end=\"1249\"><p data-start=\"1232\" data-end=\"1249\">Adresse postale<\/p><\/li><li data-start=\"1250\" data-end=\"1262\"><p data-start=\"1252\" data-end=\"1262\">Adresse IP<\/p><\/li><\/ul><p data-start=\"1264\" data-end=\"1395\">Ces donn\u00e9es ne sont collect\u00e9es que lorsque vous les fournissez volontairement, par exemple en remplissant un formulaire de contact.<\/p><hr data-start=\"1397\" data-end=\"1400\" \/><h2 data-start=\"1402\" data-end=\"1431\">3. Finalit\u00e9s du traitement<\/h2><p data-start=\"1433\" data-end=\"1477\">Les donn\u00e9es sont collect\u00e9es dans le but de :<\/p><ul data-start=\"1479\" data-end=\"1715\"><li data-start=\"1479\" data-end=\"1538\"><p data-start=\"1481\" data-end=\"1538\">R\u00e9pondre \u00e0 vos demandes de contact ou de renseignements ;<\/p><\/li><li data-start=\"1539\" data-end=\"1572\"><p data-start=\"1541\" data-end=\"1572\">Traiter vos demandes de devis ;<\/p><\/li><li data-start=\"1573\" data-end=\"1641\"><p data-start=\"1575\" data-end=\"1641\">G\u00e9rer les candidatures envoy\u00e9es via le formulaire de recrutement ;<\/p><\/li><li data-start=\"1642\" data-end=\"1715\"><p data-start=\"1644\" data-end=\"1715\">Assurer le bon fonctionnement et la s\u00e9curit\u00e9 du site (ex. : reCAPTCHA).<\/p><\/li><\/ul><hr data-start=\"1717\" data-end=\"1720\" \/><h2 data-start=\"1722\" data-end=\"1739\">4. Base l\u00e9gale<\/h2><p data-start=\"1741\" data-end=\"1843\">Conform\u00e9ment \u00e0 l\u2019article 6 du RGPD, le traitement des donn\u00e9es repose sur les bases l\u00e9gales suivantes :<\/p><ul data-start=\"1845\" data-end=\"2096\"><li data-start=\"1845\" data-end=\"1925\"><p data-start=\"1847\" data-end=\"1925\">Votre <strong data-start=\"1853\" data-end=\"1869\">consentement<\/strong> (exprim\u00e9 via les cases \u00e0 cocher dans les formulaires) ;<\/p><\/li><li data-start=\"1926\" data-end=\"1997\"><p data-start=\"1928\" data-end=\"1997\">L\u2019<strong data-start=\"1930\" data-end=\"1950\">int\u00e9r\u00eat l\u00e9gitime<\/strong> de RAPID NET \u00e0 r\u00e9pondre \u00e0 vos sollicitations ;<\/p><\/li><li data-start=\"1998\" data-end=\"2096\"><p data-start=\"2000\" data-end=\"2096\">L\u2019<strong data-start=\"2002\" data-end=\"2044\">ex\u00e9cution de mesures pr\u00e9contractuelles<\/strong>, si vous postulez \u00e0 un emploi ou demandez un devis.<\/p><\/li><\/ul><hr data-start=\"2098\" data-end=\"2101\" \/><h2 data-start=\"2103\" data-end=\"2130\">5. Dur\u00e9e de conservation<\/h2><p data-start=\"2132\" data-end=\"2318\">Les donn\u00e9es collect\u00e9es sont conserv\u00e9es pendant une dur\u00e9e maximale de <strong data-start=\"2201\" data-end=\"2210\">2 ans<\/strong>, sauf obligation l\u00e9gale de conservation plus longue ou demande de suppression de votre part (voir point 8).<\/p><hr data-start=\"2320\" data-end=\"2323\" \/><h2 data-start=\"2325\" data-end=\"2356\">6. Destinataires des donn\u00e9es<\/h2><p data-start=\"2358\" data-end=\"2485\">Vos donn\u00e9es personnelles sont trait\u00e9es exclusivement par <strong data-start=\"2415\" data-end=\"2432\">RAPID NET SRL<\/strong> et ne sont <strong data-start=\"2444\" data-end=\"2474\">pas transmises \u00e0 des tiers<\/strong> \u00e0 ce jour.<\/p><p data-start=\"2487\" data-end=\"2691\">Cependant, nous nous r\u00e9servons le droit de faire appel \u00e0 des <strong data-start=\"2548\" data-end=\"2581\">sous-traitants ou partenaires<\/strong> \u00e0 l\u2019avenir. Dans ce cas, RAPID NET s\u2019assurera que ces entit\u00e9s respectent \u00e9galement la l\u00e9gislation en vigueur.<\/p><hr data-start=\"2693\" data-end=\"2696\" \/><h2 data-start=\"2698\" data-end=\"2736\">7. Transferts hors Union europ\u00e9enne<\/h2><p data-start=\"2738\" data-end=\"2814\">Aucune donn\u00e9e n\u2019est actuellement transf\u00e9r\u00e9e en dehors de l\u2019Union europ\u00e9enne.<\/p><p data-start=\"2816\" data-end=\"3065\">Si des outils ou prestataires situ\u00e9s en dehors de l\u2019UE sont utilis\u00e9s dans le futur, RAPID NET s\u2019engagera \u00e0 ce que les donn\u00e9es soient prot\u00e9g\u00e9es par des <strong data-start=\"2967\" data-end=\"2999\">clauses contractuelles types<\/strong> ou par tout autre m\u00e9canisme reconnu par la Commission europ\u00e9enne.<\/p><hr data-start=\"3067\" data-end=\"3070\" \/><h2 data-start=\"3072\" data-end=\"3088\">8. Vos droits<\/h2><p data-start=\"3090\" data-end=\"3147\">Conform\u00e9ment au RGPD, vous disposez des droits suivants :<\/p><ul data-start=\"3149\" data-end=\"3449\"><li data-start=\"3149\" data-end=\"3197\"><p data-start=\"3151\" data-end=\"3197\"><strong data-start=\"3151\" data-end=\"3168\">Droit d\u2019acc\u00e8s<\/strong> \u00e0 vos donn\u00e9es personnelles ;<\/p><\/li><li data-start=\"3198\" data-end=\"3270\"><p data-start=\"3200\" data-end=\"3270\"><strong data-start=\"3200\" data-end=\"3226\">Droit de rectification<\/strong> en cas d\u2019erreur ou de donn\u00e9es incompl\u00e8tes ;<\/p><\/li><li data-start=\"3271\" data-end=\"3319\"><p data-start=\"3273\" data-end=\"3319\"><strong data-start=\"3273\" data-end=\"3297\">Droit \u00e0 l\u2019effacement<\/strong> (\u00ab\u00a0droit \u00e0 l\u2019oubli\u00a0\u00bb) ;<\/p><\/li><li data-start=\"3320\" data-end=\"3363\"><p data-start=\"3322\" data-end=\"3363\"><strong data-start=\"3322\" data-end=\"3347\">Droit \u00e0 la limitation<\/strong> du traitement ;<\/p><\/li><li data-start=\"3364\" data-end=\"3404\"><p data-start=\"3366\" data-end=\"3404\"><strong data-start=\"3366\" data-end=\"3388\">Droit d\u2019opposition<\/strong> au traitement ;<\/p><\/li><li data-start=\"3405\" data-end=\"3449\"><p data-start=\"3407\" data-end=\"3449\"><strong data-start=\"3407\" data-end=\"3433\">Droit \u00e0 la portabilit\u00e9<\/strong> de vos donn\u00e9es.<\/p><\/li><\/ul><p data-start=\"3451\" data-end=\"3610\">Pour exercer vos droits, veuillez nous contacter \u00e0 l\u2019adresse suivante : <strong data-start=\"3523\" data-end=\"3543\"><a class=\"cursor-pointer\" rel=\"noopener\" data-start=\"3525\" data-end=\"3541\">info@rapidnet.be<\/a><\/strong>.<br data-start=\"3544\" data-end=\"3547\" \/>Une r\u00e9ponse vous sera apport\u00e9e dans un d\u00e9lai maximum d\u2019un mois.<\/p><hr data-start=\"3612\" data-end=\"3615\" \/><h2 data-start=\"3617\" data-end=\"3649\">9. Cookies et outils de suivi<\/h2><p data-start=\"3651\" data-end=\"3671\">Notre site utilise :<\/p><ul data-start=\"3673\" data-end=\"3849\"><li data-start=\"3673\" data-end=\"3765\"><p data-start=\"3675\" data-end=\"3765\"><strong data-start=\"3675\" data-end=\"3695\">Google Analytics<\/strong> : pour analyser le trafic sur notre site et am\u00e9liorer nos services.<\/p><\/li><li data-start=\"3766\" data-end=\"3849\"><p data-start=\"3768\" data-end=\"3849\"><strong data-start=\"3768\" data-end=\"3788\">Google reCAPTCHA<\/strong> : pour prot\u00e9ger nos formulaires contre les abus automatis\u00e9s.<\/p><\/li><\/ul><p data-start=\"3851\" data-end=\"3980\">Ces outils peuvent collecter certaines informations techniques, comme votre adresse IP, type de navigateur, dur\u00e9e de visite, etc.<\/p><p data-start=\"3982\" data-end=\"4089\">Vous pouvez param\u00e9trer vos pr\u00e9f\u00e9rences via le bandeau de cookies ou via les param\u00e8tres de votre navigateur.<\/p><hr data-start=\"4091\" data-end=\"4094\" \/><h2 data-start=\"4096\" data-end=\"4123\">10. S\u00e9curit\u00e9 des donn\u00e9es<\/h2><p data-start=\"4125\" data-end=\"4396\">RAPID NET met en \u0153uvre des <strong data-start=\"4152\" data-end=\"4208\">mesures techniques et organisationnelles appropri\u00e9es<\/strong> pour garantir la s\u00e9curit\u00e9, la confidentialit\u00e9 et l\u2019int\u00e9grit\u00e9 de vos donn\u00e9es personnelles, notamment via un h\u00e9bergement s\u00e9curis\u00e9 du site et la limitation de l\u2019acc\u00e8s aux donn\u00e9es collect\u00e9es.<\/p><hr data-start=\"4398\" data-end=\"4401\" \/><h2 data-start=\"4403\" data-end=\"4439\">11. Modifications de la politique<\/h2><p data-start=\"4441\" data-end=\"4614\">La pr\u00e9sente politique peut \u00eatre modifi\u00e9e \u00e0 tout moment pour refl\u00e9ter des \u00e9volutions l\u00e9gales ou techniques. La version la plus r\u00e9cente est toujours disponible sur cette page.<\/p><hr data-start=\"4616\" data-end=\"4619\" \/><h2 data-start=\"4621\" data-end=\"4635\">12. Contact<\/h2><p data-start=\"4637\" data-end=\"4859\">Pour toute question relative \u00e0 la protection de vos donn\u00e9es personnelles ou \u00e0 cette politique, vous pouvez nous contacter \u00e0 :<br data-start=\"4762\" data-end=\"4765\" \/><strong data-start=\"4768\" data-end=\"4788\"><a class=\"cursor-pointer\" rel=\"noopener\" data-start=\"4770\" data-end=\"4786\">info@rapidnet.be<\/a><\/strong><br data-start=\"4788\" data-end=\"4791\" \/><strong data-start=\"4794\" data-end=\"4859\">RAPID NET SRL \u2013 Rue Godfroid Kurth 19, 1140 Evere \u2013 Bruxelles<\/strong><\/p>\t\t\t\t\t\t\t\t<\/div>\n\t\t\t\t<\/div>\n\t\t\t\t\t<\/div>\n\t\t\t\t<\/div>\n\t\t\t\t<\/div>\n\t\t","protected":false},"excerpt":{"rendered":"<p>Politique de Confidentialit\u00e9 Derni\u00e8re mise \u00e0 jour : [28 juillet 2025] La pr\u00e9sente&hellip;<\/p>\n","protected":false},"author":1,"featured_media":0,"parent":0,"menu_order":0,"comment_status":"closed","ping_status":"closed","template":"","meta":{"footnotes":""},"class_list":["post-3","page","type-page","status-publish","hentry"],"_links":{"self":[{"href":"https:\/\/rapidnet.be\/nl\/wp-json\/wp\/v2\/pages\/3","targetHints":{"allow":["GET"]}}],"collection":[{"href":"https:\/\/rapidnet.be\/nl\/wp-json\/wp\/v2\/pages"}],"about":[{"href":"https:\/\/rapidnet.be\/nl\/wp-json\/wp\/v2\/types\/page"}],"author":[{"embeddable":true,"href":"https:\/\/rapidnet.be\/nl\/wp-json\/wp\/v2\/users\/1"}],"replies":[{"embeddable":true,"href":"https:\/\/rapidnet.be\/nl\/wp-json\/wp\/v2\/comments?post=3"}],"version-history":[{"count":7,"href":"https:\/\/rapidnet.be\/nl\/wp-json\/wp\/v2\/pages\/3\/revisions"}],"predecessor-version":[{"id":8421,"href":"https:\/\/rapidnet.be\/nl\/wp-json\/wp\/v2\/pages\/3\/revisions\/8421"}],"wp:attachment":[{"href":"https:\/\/rapidnet.be\/nl\/wp-json\/wp\/v2\/media?parent=3"}],"curies":[{"name":"wp","href":"https:\/\/api.w.org\/{rel}","templated":true}]}}